{"id":4522,"date":"2025-08-15T16:12:21","date_gmt":"2025-08-16T02:12:21","guid":{"rendered":"https:\/\/www.tahitiplaisirs.com\/?post_type=product&#038;p=4522"},"modified":"2026-04-10T10:34:12","modified_gmt":"2026-04-10T20:34:12","slug":"harnais-beginners-noir","status":"publish","type":"product","link":"https:\/\/www.tahitiplaisirs.com\/en\/product\/harnais-beginners-noir\/","title":{"rendered":"Harnais Beginner&rsquo;s noir"},"content":{"rendered":"","protected":false},"excerpt":{"rendered":"<p>Harnais Beginner&rsquo;s noir de Pipedream &#8211; Fetish Fantasy Series<\/p>\n<p>Harnais universel fabriqu\u00e9 en vinyle associ\u00e9 \u00e0 une doublure en n\u00e9opr\u00e8ne qui limite le glissement, m\u00eame sur peau mouill\u00e9e.<\/p>\n<p>R\u00e9glable sur les c\u00f4t\u00e9s et \u00e0 la ceinture, il s&rsquo;ajuste rapidement, reste parfaitement en place pendant l&rsquo;action et s&rsquo;adapte jusqu&rsquo;\u00e0 107 centim\u00e8tres de tour de taille.<\/p>\n<p>Sur le plastron, se situent les lani\u00e8res \u00e0 bouton-pression qui s\u00e9curisent l&rsquo;anneau qui accueillera votre godemichet.<\/p>\n<p>Pour plus d&rsquo;efficacit\u00e9 et de simplicit\u00e9, il est livr\u00e9 avec 3 anneaux en silicone extensible qui permettront l&rsquo;utilisation de godes de diam\u00e8tres allant jusqu&rsquo;\u00e0 5 centim\u00e8tres.<\/p>\n<p>Avec ce harnais comme base, vous poss\u00e9derez un gode-ceinture r\u00e9sistant et confortable, m\u00eame au plus fort de l&rsquo;action !<\/p>\n<p>Mat\u00e9riaux: nylon, vinyle, plastique, m\u00e9tal, silicone.<\/p>","protected":false},"featured_media":9741,"template":"","meta":[],"product_brand":[125],"product_cat":[144,54],"product_tag":[],"class_list":{"0":"post-4522","1":"product","2":"type-product","3":"status-publish","4":"has-post-thumbnail","6":"product_brand-pipedream","7":"product_cat-godes-ceintures-femmes","8":"product_cat-godes-ceintures","11":"instock","12":"taxable","13":"shipping-taxable","14":"purchasable","15":"product-type-simple","16":"product-grid-view"},"_links":{"self":[{"href":"https:\/\/www.tahitiplaisirs.com\/en\/wp-json\/wp\/v2\/product\/4522","targetHints":{"allow":["GET"]}}],"collection":[{"href":"https:\/\/www.tahitiplaisirs.com\/en\/wp-json\/wp\/v2\/product"}],"about":[{"href":"https:\/\/www.tahitiplaisirs.com\/en\/wp-json\/wp\/v2\/types\/product"}],"version-history":[{"count":2,"href":"https:\/\/www.tahitiplaisirs.com\/en\/wp-json\/wp\/v2\/product\/4522\/revisions"}],"predecessor-version":[{"id":9745,"href":"https:\/\/www.tahitiplaisirs.com\/en\/wp-json\/wp\/v2\/product\/4522\/revisions\/9745"}],"wp:featuredmedia":[{"embeddable":true,"href":"https:\/\/www.tahitiplaisirs.com\/en\/wp-json\/wp\/v2\/media\/9741"}],"wp:attachment":[{"href":"https:\/\/www.tahitiplaisirs.com\/en\/wp-json\/wp\/v2\/media?parent=4522"}],"wp:term":[{"taxonomy":"product_brand","embeddable":true,"href":"https:\/\/www.tahitiplaisirs.com\/en\/wp-json\/wp\/v2\/product_brand?post=4522"},{"taxonomy":"product_cat","embeddable":true,"href":"https:\/\/www.tahitiplaisirs.com\/en\/wp-json\/wp\/v2\/product_cat?post=4522"},{"taxonomy":"product_tag","embeddable":true,"href":"https:\/\/www.tahitiplaisirs.com\/en\/wp-json\/wp\/v2\/product_tag?post=4522"}],"curies":[{"name":"wp","href":"https:\/\/api.w.org\/{rel}","templated":true}]}}