{"id":4528,"date":"2025-08-15T16:12:21","date_gmt":"2025-08-16T02:12:21","guid":{"rendered":"https:\/\/www.tahitiplaisirs.com\/?post_type=product&#038;p=4528"},"modified":"2026-03-28T10:51:07","modified_gmt":"2026-03-28T20:51:07","slug":"poire-addicted-travel-cleaner-2","status":"publish","type":"product","link":"https:\/\/www.tahitiplaisirs.com\/en\/product\/poire-addicted-travel-cleaner-2\/","title":{"rendered":"Poire Travel Cleaner 2"},"content":{"rendered":"","protected":false},"excerpt":{"rendered":"<p>Poire Travel Cleaner 2 de Addicted Toys<\/p>\n<p>Cette poire a \u00e9t\u00e9 con\u00e7ue pour \u00eatre agr\u00e9able et pratique \u00e0 la fois, facile \u00e0 utiliser et sans danger pour les d\u00e9butants.<\/p>\n<p>Sa pointe fine et conique a quatre trous de pulv\u00e9risation pour r\u00e9partir le liquide uniform\u00e9ment et se s\u00e9pare de la poire pour un nettoyage facile.<\/p>\n<p>Appliquez un lubrifiant anal \u00e0 base d&rsquo;eau sur la buse pour une glisse suppl\u00e9mentaire lors de l&rsquo;insertion.<\/p>","protected":false},"featured_media":7119,"template":"","meta":[],"product_brand":[120],"product_cat":[49,81,83,62],"product_tag":[],"class_list":{"0":"post-4528","1":"product","2":"type-product","3":"status-publish","4":"has-post-thumbnail","6":"product_brand-addicted-toys","7":"product_cat-bien-etre","8":"product_cat-hygiene","9":"product_cat-lavement","10":"product_cat-plaisir-anal","13":"instock","14":"taxable","15":"shipping-taxable","16":"purchasable","17":"product-type-simple","18":"product-grid-view"},"_links":{"self":[{"href":"https:\/\/www.tahitiplaisirs.com\/en\/wp-json\/wp\/v2\/product\/4528","targetHints":{"allow":["GET"]}}],"collection":[{"href":"https:\/\/www.tahitiplaisirs.com\/en\/wp-json\/wp\/v2\/product"}],"about":[{"href":"https:\/\/www.tahitiplaisirs.com\/en\/wp-json\/wp\/v2\/types\/product"}],"version-history":[{"count":2,"href":"https:\/\/www.tahitiplaisirs.com\/en\/wp-json\/wp\/v2\/product\/4528\/revisions"}],"predecessor-version":[{"id":7134,"href":"https:\/\/www.tahitiplaisirs.com\/en\/wp-json\/wp\/v2\/product\/4528\/revisions\/7134"}],"wp:featuredmedia":[{"embeddable":true,"href":"https:\/\/www.tahitiplaisirs.com\/en\/wp-json\/wp\/v2\/media\/7119"}],"wp:attachment":[{"href":"https:\/\/www.tahitiplaisirs.com\/en\/wp-json\/wp\/v2\/media?parent=4528"}],"wp:term":[{"taxonomy":"product_brand","embeddable":true,"href":"https:\/\/www.tahitiplaisirs.com\/en\/wp-json\/wp\/v2\/product_brand?post=4528"},{"taxonomy":"product_cat","embeddable":true,"href":"https:\/\/www.tahitiplaisirs.com\/en\/wp-json\/wp\/v2\/product_cat?post=4528"},{"taxonomy":"product_tag","embeddable":true,"href":"https:\/\/www.tahitiplaisirs.com\/en\/wp-json\/wp\/v2\/product_tag?post=4528"}],"curies":[{"name":"wp","href":"https:\/\/api.w.org\/{rel}","templated":true}]}}