{"id":4565,"date":"2025-08-15T16:12:25","date_gmt":"2025-08-16T02:12:25","guid":{"rendered":"https:\/\/www.tahitiplaisirs.com\/?post_type=product&#038;p=4565"},"modified":"2026-03-21T14:15:10","modified_gmt":"2026-03-22T00:15:10","slug":"lubrifiant-anal-luxuria-feel","status":"publish","type":"product","link":"https:\/\/www.tahitiplaisirs.com\/en\/product\/lubrifiant-anal-luxuria-feel\/","title":{"rendered":"Lubrifiant anal Feel"},"content":{"rendered":"","protected":false},"excerpt":{"rendered":"<p>Lubrifiant anal Luxuria Feel de Intimate Line<\/p>\n<p>Lubrifiant intime \u00e0 base d&rsquo;eau sp\u00e9cialement formul\u00e9 pour l&rsquo;hydratation et la lubrification anale.<\/p>\n<p>Ce lubrifiant est compatible avec les pr\u00e9servatifs, il ne laisse pas de d\u00e9p\u00f4ts huileux et ne contient pas de graisses.<\/p>\n<p>Gr\u00e2ce \u00e0 sa formulation exclusive riche en actifs naturels pr\u00e9cieux, il pr\u00e9vient les sensations d&rsquo;inconfort de br\u00fblure et d&rsquo;irritation.<\/p>\n<p>Contenance : 60ml<\/p>","protected":false},"featured_media":7655,"template":"","meta":[],"product_brand":[],"product_cat":[50],"product_tag":[],"class_list":{"0":"post-4565","1":"product","2":"type-product","3":"status-publish","4":"has-post-thumbnail","6":"product_cat-lubrifiants","9":"instock","10":"taxable","11":"shipping-taxable","12":"purchasable","13":"product-type-simple","14":"product-grid-view"},"_links":{"self":[{"href":"https:\/\/www.tahitiplaisirs.com\/en\/wp-json\/wp\/v2\/product\/4565","targetHints":{"allow":["GET"]}}],"collection":[{"href":"https:\/\/www.tahitiplaisirs.com\/en\/wp-json\/wp\/v2\/product"}],"about":[{"href":"https:\/\/www.tahitiplaisirs.com\/en\/wp-json\/wp\/v2\/types\/product"}],"version-history":[{"count":2,"href":"https:\/\/www.tahitiplaisirs.com\/en\/wp-json\/wp\/v2\/product\/4565\/revisions"}],"predecessor-version":[{"id":7663,"href":"https:\/\/www.tahitiplaisirs.com\/en\/wp-json\/wp\/v2\/product\/4565\/revisions\/7663"}],"wp:featuredmedia":[{"embeddable":true,"href":"https:\/\/www.tahitiplaisirs.com\/en\/wp-json\/wp\/v2\/media\/7655"}],"wp:attachment":[{"href":"https:\/\/www.tahitiplaisirs.com\/en\/wp-json\/wp\/v2\/media?parent=4565"}],"wp:term":[{"taxonomy":"product_brand","embeddable":true,"href":"https:\/\/www.tahitiplaisirs.com\/en\/wp-json\/wp\/v2\/product_brand?post=4565"},{"taxonomy":"product_cat","embeddable":true,"href":"https:\/\/www.tahitiplaisirs.com\/en\/wp-json\/wp\/v2\/product_cat?post=4565"},{"taxonomy":"product_tag","embeddable":true,"href":"https:\/\/www.tahitiplaisirs.com\/en\/wp-json\/wp\/v2\/product_tag?post=4565"}],"curies":[{"name":"wp","href":"https:\/\/api.w.org\/{rel}","templated":true}]}}