{"id":4568,"date":"2025-08-15T16:12:25","date_gmt":"2025-08-16T02:12:25","guid":{"rendered":"https:\/\/www.tahitiplaisirs.com\/?post_type=product&#038;p=4568"},"modified":"2026-03-27T11:01:18","modified_gmt":"2026-03-27T21:01:18","slug":"masturbateur-stoya","status":"publish","type":"product","link":"https:\/\/www.tahitiplaisirs.com\/en\/product\/masturbateur-stoya\/","title":{"rendered":"Masturbateur Stoya"},"content":{"rendered":"","protected":false},"excerpt":{"rendered":"<p>Masturbateur Stoya de Fleshlight<\/p>\n<p>Ce \u00ab\u00a0FleshGirls\u00a0\u00bb est moul\u00e9 directement sur l&rsquo;actrice Stoya.<\/p>\n<p>La mati\u00e8re utilis\u00e9e sur les inserts sont d&rsquo;une qualit\u00e9 et d&rsquo;une douceur irr\u00e9prochables.<\/p>\n<p>100% hypoallerg\u00e9nique, sans phtalates, ce masturbateur peut-\u00eatre plong\u00e9 dans l&rsquo;eau ti\u00e8de pour un effet encore plus r\u00e9aliste.<\/p>\n<p>L&rsquo;ensemble des Fleshlight ont l&rsquo;avantage de pouvoir recr\u00e9er une p\u00e9n\u00e9tration ultra profonde procurant un plaisir hors du commun.<\/p>\n<p>Pour l&rsquo;entretien, sortir l&rsquo;insert silicone de sa bo\u00eete rigide et rincer en faisant couler abondamment de l&rsquo;eau ti\u00e8de dans l&rsquo;orifice puis laisser s\u00e9cher \u00e0 l&rsquo;air libre.<\/p>","protected":false},"featured_media":7846,"template":"","meta":[],"product_brand":[],"product_cat":[78,51,47],"product_tag":[],"class_list":{"0":"post-4568","1":"product","2":"type-product","3":"status-publish","4":"has-post-thumbnail","6":"product_cat-masturbateurs","7":"product_cat-pour-lui","8":"product_cat-sextoys","11":"instock","12":"taxable","13":"shipping-taxable","14":"purchasable","15":"product-type-simple","16":"product-grid-view"},"_links":{"self":[{"href":"https:\/\/www.tahitiplaisirs.com\/en\/wp-json\/wp\/v2\/product\/4568","targetHints":{"allow":["GET"]}}],"collection":[{"href":"https:\/\/www.tahitiplaisirs.com\/en\/wp-json\/wp\/v2\/product"}],"about":[{"href":"https:\/\/www.tahitiplaisirs.com\/en\/wp-json\/wp\/v2\/types\/product"}],"version-history":[{"count":1,"href":"https:\/\/www.tahitiplaisirs.com\/en\/wp-json\/wp\/v2\/product\/4568\/revisions"}],"predecessor-version":[{"id":4598,"href":"https:\/\/www.tahitiplaisirs.com\/en\/wp-json\/wp\/v2\/product\/4568\/revisions\/4598"}],"wp:featuredmedia":[{"embeddable":true,"href":"https:\/\/www.tahitiplaisirs.com\/en\/wp-json\/wp\/v2\/media\/7846"}],"wp:attachment":[{"href":"https:\/\/www.tahitiplaisirs.com\/en\/wp-json\/wp\/v2\/media?parent=4568"}],"wp:term":[{"taxonomy":"product_brand","embeddable":true,"href":"https:\/\/www.tahitiplaisirs.com\/en\/wp-json\/wp\/v2\/product_brand?post=4568"},{"taxonomy":"product_cat","embeddable":true,"href":"https:\/\/www.tahitiplaisirs.com\/en\/wp-json\/wp\/v2\/product_cat?post=4568"},{"taxonomy":"product_tag","embeddable":true,"href":"https:\/\/www.tahitiplaisirs.com\/en\/wp-json\/wp\/v2\/product_tag?post=4568"}],"curies":[{"name":"wp","href":"https:\/\/api.w.org\/{rel}","templated":true}]}}