{"id":4569,"date":"2025-08-15T16:12:25","date_gmt":"2025-08-16T02:12:25","guid":{"rendered":"https:\/\/www.tahitiplaisirs.com\/?post_type=product&#038;p=4569"},"modified":"2025-08-15T16:12:26","modified_gmt":"2025-08-16T02:12:26","slug":"masturbateur-violet-myers","status":"publish","type":"product","link":"https:\/\/www.tahitiplaisirs.com\/en\/product\/masturbateur-violet-myers\/","title":{"rendered":"Masturbateur Violet Myers"},"content":{"rendered":"","protected":false},"excerpt":{"rendered":"<p>Masturbateur Violet qMyers<\/p>\n<p>Marque : Fleshlight<\/p>\n<p>Ce \u00ab\u00a0FleshGirls\u00a0\u00bb est moul\u00e9 directement sur l&rsquo;actrice Violet Myers.<\/p>\n<p>La mati\u00e8re utilis\u00e9e sur les inserts sont d&rsquo;une qualit\u00e9 et d&rsquo;une douceur irr\u00e9prochables.<\/p>\n<p>100% hypoallerg\u00e9nique, sans phtalates, ce masturbateur peut-\u00eatre plong\u00e9 dans l&rsquo;eau ti\u00e8de pour un effet encore plus r\u00e9aliste.<\/p>\n<p>L&rsquo;ensemble des Fleshlight ont l&rsquo;avantage de pouvoir recr\u00e9er une p\u00e9n\u00e9tration ultra profonde procurant un plaisir hors du commun.<\/p>\n<p>Votre Love shop Lollipop Tahiti vous conseille d&rsquo;utiliser un lubrifiant \u00e0 base d&rsquo;eau.<\/p>\n<p>Pour l&rsquo;entretien, sortir l&rsquo;insert silicone de sa bo\u00eete rigide et rincer en faisant couler abondamment de l&rsquo;eau ti\u00e8de dans l&rsquo;orifice puis laisser s\u00e9cher \u00e0 l&rsquo;air libre.<\/p>\n<p>R\u00e9f : LOLMAST053<\/p>","protected":false},"featured_media":0,"template":"","meta":[],"product_brand":[],"product_cat":[78,51,47],"product_tag":[],"class_list":{"0":"post-4569","1":"product","2":"type-product","3":"status-publish","5":"product_cat-masturbateurs","6":"product_cat-pour-lui","7":"product_cat-sextoys","10":"outofstock","11":"taxable","12":"shipping-taxable","13":"purchasable","14":"product-type-simple","15":"product-grid-view"},"_links":{"self":[{"href":"https:\/\/www.tahitiplaisirs.com\/en\/wp-json\/wp\/v2\/product\/4569","targetHints":{"allow":["GET"]}}],"collection":[{"href":"https:\/\/www.tahitiplaisirs.com\/en\/wp-json\/wp\/v2\/product"}],"about":[{"href":"https:\/\/www.tahitiplaisirs.com\/en\/wp-json\/wp\/v2\/types\/product"}],"version-history":[{"count":1,"href":"https:\/\/www.tahitiplaisirs.com\/en\/wp-json\/wp\/v2\/product\/4569\/revisions"}],"predecessor-version":[{"id":4599,"href":"https:\/\/www.tahitiplaisirs.com\/en\/wp-json\/wp\/v2\/product\/4569\/revisions\/4599"}],"wp:attachment":[{"href":"https:\/\/www.tahitiplaisirs.com\/en\/wp-json\/wp\/v2\/media?parent=4569"}],"wp:term":[{"taxonomy":"product_brand","embeddable":true,"href":"https:\/\/www.tahitiplaisirs.com\/en\/wp-json\/wp\/v2\/product_brand?post=4569"},{"taxonomy":"product_cat","embeddable":true,"href":"https:\/\/www.tahitiplaisirs.com\/en\/wp-json\/wp\/v2\/product_cat?post=4569"},{"taxonomy":"product_tag","embeddable":true,"href":"https:\/\/www.tahitiplaisirs.com\/en\/wp-json\/wp\/v2\/product_tag?post=4569"}],"curies":[{"name":"wp","href":"https:\/\/api.w.org\/{rel}","templated":true}]}}