{"id":4576,"date":"2025-08-15T16:12:25","date_gmt":"2025-08-16T02:12:25","guid":{"rendered":"https:\/\/www.tahitiplaisirs.com\/?post_type=product&#038;p=4576"},"modified":"2026-03-21T14:15:17","modified_gmt":"2026-03-22T00:15:17","slug":"robe-sexy-en-vinyle-la-meduim","status":"publish","type":"product","link":"https:\/\/www.tahitiplaisirs.com\/en\/product\/robe-sexy-en-vinyle-la-meduim\/","title":{"rendered":"Robe sexy en vinyle LA Meduim"},"content":{"rendered":"","protected":false},"excerpt":{"rendered":"<p>Mini robe en vinyle Large de Leg Avenue<\/p>\n<p><span dir=\"auto\">Cette robe effet mouill\u00e9 \u00e0 lacets en vinyle est super sexy et moulante, parfaite pour toute amatrice de l&rsquo;obscurit\u00e9 !<\/span><\/p>\n<p><span dir=\"auto\">Cette robe pr\u00e9sente un d\u00e9collet\u00e9 plongeant en V, des bretelles style d\u00e9bardeur et une longueur \u00e9chancr\u00e9e.<\/span><\/p>\n<p><span dir=\"auto\">Mati\u00e8re : 95 % polyester, 5 % \u00e9lasthanne<\/span><\/p>","protected":false},"featured_media":9309,"template":"","meta":[],"product_brand":[99],"product_cat":[73,74,63],"product_tag":[],"class_list":{"0":"post-4576","1":"product","2":"type-product","3":"status-publish","4":"has-post-thumbnail","6":"product_brand-leg-avenue","7":"product_cat-lingerie-sexy","8":"product_cat-nuisettes-bodys-et-set","9":"product_cat-pour-elle","12":"instock","13":"taxable","14":"shipping-taxable","15":"purchasable","16":"product-type-simple","17":"product-grid-view"},"_links":{"self":[{"href":"https:\/\/www.tahitiplaisirs.com\/en\/wp-json\/wp\/v2\/product\/4576","targetHints":{"allow":["GET"]}}],"collection":[{"href":"https:\/\/www.tahitiplaisirs.com\/en\/wp-json\/wp\/v2\/product"}],"about":[{"href":"https:\/\/www.tahitiplaisirs.com\/en\/wp-json\/wp\/v2\/types\/product"}],"version-history":[{"count":3,"href":"https:\/\/www.tahitiplaisirs.com\/en\/wp-json\/wp\/v2\/product\/4576\/revisions"}],"predecessor-version":[{"id":9320,"href":"https:\/\/www.tahitiplaisirs.com\/en\/wp-json\/wp\/v2\/product\/4576\/revisions\/9320"}],"wp:featuredmedia":[{"embeddable":true,"href":"https:\/\/www.tahitiplaisirs.com\/en\/wp-json\/wp\/v2\/media\/9309"}],"wp:attachment":[{"href":"https:\/\/www.tahitiplaisirs.com\/en\/wp-json\/wp\/v2\/media?parent=4576"}],"wp:term":[{"taxonomy":"product_brand","embeddable":true,"href":"https:\/\/www.tahitiplaisirs.com\/en\/wp-json\/wp\/v2\/product_brand?post=4576"},{"taxonomy":"product_cat","embeddable":true,"href":"https:\/\/www.tahitiplaisirs.com\/en\/wp-json\/wp\/v2\/product_cat?post=4576"},{"taxonomy":"product_tag","embeddable":true,"href":"https:\/\/www.tahitiplaisirs.com\/en\/wp-json\/wp\/v2\/product_tag?post=4576"}],"curies":[{"name":"wp","href":"https:\/\/api.w.org\/{rel}","templated":true}]}}