{"id":4578,"date":"2025-08-15T16:12:25","date_gmt":"2025-08-16T02:12:25","guid":{"rendered":"https:\/\/www.tahitiplaisirs.com\/?post_type=product&#038;p=4578"},"modified":"2026-03-21T14:15:15","modified_gmt":"2026-03-22T00:15:15","slug":"vibromasseur-rabbit-arthur","status":"publish","type":"product","link":"https:\/\/www.tahitiplaisirs.com\/en\/product\/vibromasseur-rabbit-arthur\/","title":{"rendered":"Vibromasseur rabbit Arthur"},"content":{"rendered":"","protected":false},"excerpt":{"rendered":"<p>Rabbit Arthur de Baile &#8211; Pretty Love<\/p>\n<p>Ce vibromasseur rabbit mesure 20cm, il est ergonomique et sa partie ins\u00e9rable de 10,5cm et d&rsquo;un diam\u00e8tre de 3,3cm est recourb\u00e9e pour une meilleure stimulation du point G.<\/p>\n<p>L&rsquo;autre partie de 4,5cm est faite pour stimuler le clitoris.<\/p>\n<p>Fonctionne avec 2 pilles AAA.<\/p>","protected":false},"featured_media":7856,"template":"","meta":[],"product_brand":[93],"product_cat":[47,64],"product_tag":[],"class_list":{"0":"post-4578","1":"product","2":"type-product","3":"status-publish","4":"has-post-thumbnail","6":"product_brand-baile-pretty-love","7":"product_cat-sextoys","8":"product_cat-vibromasseurs","11":"instock","12":"taxable","13":"shipping-taxable","14":"purchasable","15":"product-type-simple","16":"product-grid-view"},"_links":{"self":[{"href":"https:\/\/www.tahitiplaisirs.com\/en\/wp-json\/wp\/v2\/product\/4578","targetHints":{"allow":["GET"]}}],"collection":[{"href":"https:\/\/www.tahitiplaisirs.com\/en\/wp-json\/wp\/v2\/product"}],"about":[{"href":"https:\/\/www.tahitiplaisirs.com\/en\/wp-json\/wp\/v2\/types\/product"}],"version-history":[{"count":3,"href":"https:\/\/www.tahitiplaisirs.com\/en\/wp-json\/wp\/v2\/product\/4578\/revisions"}],"predecessor-version":[{"id":9454,"href":"https:\/\/www.tahitiplaisirs.com\/en\/wp-json\/wp\/v2\/product\/4578\/revisions\/9454"}],"wp:featuredmedia":[{"embeddable":true,"href":"https:\/\/www.tahitiplaisirs.com\/en\/wp-json\/wp\/v2\/media\/7856"}],"wp:attachment":[{"href":"https:\/\/www.tahitiplaisirs.com\/en\/wp-json\/wp\/v2\/media?parent=4578"}],"wp:term":[{"taxonomy":"product_brand","embeddable":true,"href":"https:\/\/www.tahitiplaisirs.com\/en\/wp-json\/wp\/v2\/product_brand?post=4578"},{"taxonomy":"product_cat","embeddable":true,"href":"https:\/\/www.tahitiplaisirs.com\/en\/wp-json\/wp\/v2\/product_cat?post=4578"},{"taxonomy":"product_tag","embeddable":true,"href":"https:\/\/www.tahitiplaisirs.com\/en\/wp-json\/wp\/v2\/product_tag?post=4578"}],"curies":[{"name":"wp","href":"https:\/\/api.w.org\/{rel}","templated":true}]}}