{"id":4579,"date":"2025-08-15T16:12:25","date_gmt":"2025-08-16T02:12:25","guid":{"rendered":"https:\/\/www.tahitiplaisirs.com\/?post_type=product&#038;p=4579"},"modified":"2026-02-16T10:54:08","modified_gmt":"2026-02-16T20:54:08","slug":"oeuf-masturbateur-riffle-satisfyer","status":"publish","type":"product","link":"https:\/\/www.tahitiplaisirs.com\/en\/product\/oeuf-masturbateur-riffle-satisfyer\/","title":{"rendered":"\u0152uf masturbateur Riffle Satisfyer"},"content":{"rendered":"","protected":false},"excerpt":{"rendered":"<p>\u0152uf Riffle de Satisfyer<\/p>\n<p>Avec l&rsquo;\u0153uf Riffle, tu es s\u00fbr de faire le bon choix !<\/p>\n<p>L\u2019\u0153uf de masturbation est \u00e0 usage unique : le design est en forme d\u2019\u0153uf, discret, et est donc id\u00e9al pour un soutien rapide en d\u00e9placement.<\/p>\n<p>Le mat\u00e9riau de l\u2019\u0153uf est un TPE flexible et hydro actif, qui peut \u00eatre humidifi\u00e9 avec une petite quantit\u00e9 d\u2019eau et assure ainsi une sensation de douceur et un plaisir r\u00e9el.<\/p>\n<p>Le plaisir en d\u00e9placement n\u2019a jamais \u00e9t\u00e9 aussi simple : gr\u00e2ce au mat\u00e9riau innovant, aucun lubrifiant suppl\u00e9mentaire n\u2019est n\u00e9cessaire<\/p>\n<p>Les rainures excitantes te chouchoutent \u00e0 chaque mouvement et te stimulent de mani\u00e8re particuli\u00e8rement sensuelle.<\/p>","protected":false},"featured_media":10569,"template":"","meta":[],"product_brand":[103],"product_cat":[78,51],"product_tag":[],"class_list":{"0":"post-4579","1":"product","2":"type-product","3":"status-publish","4":"has-post-thumbnail","6":"product_brand-satisfyer","7":"product_cat-masturbateurs","8":"product_cat-pour-lui","11":"instock","12":"taxable","13":"shipping-taxable","14":"purchasable","15":"product-type-simple","16":"product-grid-view"},"_links":{"self":[{"href":"https:\/\/www.tahitiplaisirs.com\/en\/wp-json\/wp\/v2\/product\/4579","targetHints":{"allow":["GET"]}}],"collection":[{"href":"https:\/\/www.tahitiplaisirs.com\/en\/wp-json\/wp\/v2\/product"}],"about":[{"href":"https:\/\/www.tahitiplaisirs.com\/en\/wp-json\/wp\/v2\/types\/product"}],"version-history":[{"count":5,"href":"https:\/\/www.tahitiplaisirs.com\/en\/wp-json\/wp\/v2\/product\/4579\/revisions"}],"predecessor-version":[{"id":10583,"href":"https:\/\/www.tahitiplaisirs.com\/en\/wp-json\/wp\/v2\/product\/4579\/revisions\/10583"}],"wp:featuredmedia":[{"embeddable":true,"href":"https:\/\/www.tahitiplaisirs.com\/en\/wp-json\/wp\/v2\/media\/10569"}],"wp:attachment":[{"href":"https:\/\/www.tahitiplaisirs.com\/en\/wp-json\/wp\/v2\/media?parent=4579"}],"wp:term":[{"taxonomy":"product_brand","embeddable":true,"href":"https:\/\/www.tahitiplaisirs.com\/en\/wp-json\/wp\/v2\/product_brand?post=4579"},{"taxonomy":"product_cat","embeddable":true,"href":"https:\/\/www.tahitiplaisirs.com\/en\/wp-json\/wp\/v2\/product_cat?post=4579"},{"taxonomy":"product_tag","embeddable":true,"href":"https:\/\/www.tahitiplaisirs.com\/en\/wp-json\/wp\/v2\/product_tag?post=4579"}],"curies":[{"name":"wp","href":"https:\/\/api.w.org\/{rel}","templated":true}]}}