{"id":4580,"date":"2025-08-15T16:12:25","date_gmt":"2025-08-16T02:12:25","guid":{"rendered":"https:\/\/www.tahitiplaisirs.com\/?post_type=product&#038;p=4580"},"modified":"2026-03-21T14:15:13","modified_gmt":"2026-03-22T00:15:13","slug":"plug-lumineux-light-up-large","status":"publish","type":"product","link":"https:\/\/www.tahitiplaisirs.com\/en\/product\/plug-lumineux-light-up-large\/","title":{"rendered":"Plug lumineux Light Up Large"},"content":{"rendered":"","protected":false},"excerpt":{"rendered":"<p>Plug Light Up Large de Booty Sparks<\/p>\n<p>Plug anal lumineux fabriqu\u00e9 en alliage d&rsquo;aluminium sans nickel et plastique ABS.<\/p>\n<p>Ce plug est facile \u00e0 nettoyer et hypoallerg\u00e9nique.<\/p>\n<p>Il dispose de LED de couleur pour s&rsquo;illuminer selon 3 fa\u00e7ons diff\u00e9rentes.<\/p>\n<p>Il mesure 10,1 cm de long (8,6 ins\u00e9rable) pour un diam\u00e8tre max. d&rsquo;environ 3,8 cm<\/p>\n<p><strong><span style=\"color: #ff0000;\">ATTENTION<\/span><\/strong> : les piles sont int\u00e9gr\u00e9es aux LED et ne peuvent \u00eatre remplac\u00e9es.<\/p>\n<p>Leur autonomie est d&rsquo;environ 5 heures.<\/p>\n<p>Le syst\u00e8me dispose d&rsquo;un arr\u00eat automatique apr\u00e8s 10 minutes d&rsquo;utilisation afin d&rsquo;\u00e9conomiser la batterie.<\/p>","protected":false},"featured_media":7850,"template":"","meta":[],"product_brand":[],"product_cat":[62,47],"product_tag":[],"class_list":{"0":"post-4580","1":"product","2":"type-product","3":"status-publish","4":"has-post-thumbnail","6":"product_cat-plaisir-anal","7":"product_cat-sextoys","10":"instock","11":"taxable","12":"shipping-taxable","13":"purchasable","14":"product-type-simple","15":"product-grid-view"},"_links":{"self":[{"href":"https:\/\/www.tahitiplaisirs.com\/en\/wp-json\/wp\/v2\/product\/4580","targetHints":{"allow":["GET"]}}],"collection":[{"href":"https:\/\/www.tahitiplaisirs.com\/en\/wp-json\/wp\/v2\/product"}],"about":[{"href":"https:\/\/www.tahitiplaisirs.com\/en\/wp-json\/wp\/v2\/types\/product"}],"version-history":[{"count":1,"href":"https:\/\/www.tahitiplaisirs.com\/en\/wp-json\/wp\/v2\/product\/4580\/revisions"}],"predecessor-version":[{"id":4610,"href":"https:\/\/www.tahitiplaisirs.com\/en\/wp-json\/wp\/v2\/product\/4580\/revisions\/4610"}],"wp:featuredmedia":[{"embeddable":true,"href":"https:\/\/www.tahitiplaisirs.com\/en\/wp-json\/wp\/v2\/media\/7850"}],"wp:attachment":[{"href":"https:\/\/www.tahitiplaisirs.com\/en\/wp-json\/wp\/v2\/media?parent=4580"}],"wp:term":[{"taxonomy":"product_brand","embeddable":true,"href":"https:\/\/www.tahitiplaisirs.com\/en\/wp-json\/wp\/v2\/product_brand?post=4580"},{"taxonomy":"product_cat","embeddable":true,"href":"https:\/\/www.tahitiplaisirs.com\/en\/wp-json\/wp\/v2\/product_cat?post=4580"},{"taxonomy":"product_tag","embeddable":true,"href":"https:\/\/www.tahitiplaisirs.com\/en\/wp-json\/wp\/v2\/product_tag?post=4580"}],"curies":[{"name":"wp","href":"https:\/\/api.w.org\/{rel}","templated":true}]}}