{"id":4587,"date":"2025-08-15T16:12:26","date_gmt":"2025-08-16T02:12:26","guid":{"rendered":"https:\/\/www.tahitiplaisirs.com\/?post_type=product&#038;p=4587"},"modified":"2026-03-21T14:15:08","modified_gmt":"2026-03-22T00:15:08","slug":"gode-king-cock-uncut-6-flesh-15cm","status":"publish","type":"product","link":"https:\/\/www.tahitiplaisirs.com\/en\/product\/gode-king-cock-uncut-6-flesh-15cm\/","title":{"rendered":"Gode Uncut 6&Prime; flesh &#8211; 15cm"},"content":{"rendered":"","protected":false},"excerpt":{"rendered":"<p>Gode King Cock Uncut 6&Prime; flesh de Pipedream &#8211; King Cock<\/p>\n<p>Le gode ventouse King Cock Uncut est r\u00e9alis\u00e9 en Fanta Flesh Realistic (PVC hypoallerg\u00e9nique) sans phtalates ni latex.<\/p>\n<p>Il mesure 17cm dont 15 cm ins\u00e9rable, pour un diam\u00e8tre de \u00d8 3,8cm<\/p>\n<p>Sa base ventouse permet une utilisation avec un harnais universel (en gode ceinture) ou sans les mains car elle adh\u00e8re \u00e0 toutes les surfaces planes et lisses.<\/p>","protected":false},"featured_media":7842,"template":"","meta":[],"product_brand":[94,125],"product_cat":[53,47],"product_tag":[],"class_list":{"0":"post-4587","1":"product","2":"type-product","3":"status-publish","4":"has-post-thumbnail","6":"product_brand-king-cock","7":"product_brand-pipedream","8":"product_cat-godemichets","9":"product_cat-sextoys","12":"instock","13":"taxable","14":"shipping-taxable","15":"purchasable","16":"product-type-simple","17":"product-grid-view"},"_links":{"self":[{"href":"https:\/\/www.tahitiplaisirs.com\/en\/wp-json\/wp\/v2\/product\/4587","targetHints":{"allow":["GET"]}}],"collection":[{"href":"https:\/\/www.tahitiplaisirs.com\/en\/wp-json\/wp\/v2\/product"}],"about":[{"href":"https:\/\/www.tahitiplaisirs.com\/en\/wp-json\/wp\/v2\/types\/product"}],"version-history":[{"count":2,"href":"https:\/\/www.tahitiplaisirs.com\/en\/wp-json\/wp\/v2\/product\/4587\/revisions"}],"predecessor-version":[{"id":7878,"href":"https:\/\/www.tahitiplaisirs.com\/en\/wp-json\/wp\/v2\/product\/4587\/revisions\/7878"}],"wp:featuredmedia":[{"embeddable":true,"href":"https:\/\/www.tahitiplaisirs.com\/en\/wp-json\/wp\/v2\/media\/7842"}],"wp:attachment":[{"href":"https:\/\/www.tahitiplaisirs.com\/en\/wp-json\/wp\/v2\/media?parent=4587"}],"wp:term":[{"taxonomy":"product_brand","embeddable":true,"href":"https:\/\/www.tahitiplaisirs.com\/en\/wp-json\/wp\/v2\/product_brand?post=4587"},{"taxonomy":"product_cat","embeddable":true,"href":"https:\/\/www.tahitiplaisirs.com\/en\/wp-json\/wp\/v2\/product_cat?post=4587"},{"taxonomy":"product_tag","embeddable":true,"href":"https:\/\/www.tahitiplaisirs.com\/en\/wp-json\/wp\/v2\/product_tag?post=4587"}],"curies":[{"name":"wp","href":"https:\/\/api.w.org\/{rel}","templated":true}]}}