{"id":4588,"date":"2025-08-15T16:12:26","date_gmt":"2025-08-16T02:12:26","guid":{"rendered":"https:\/\/www.tahitiplaisirs.com\/?post_type=product&#038;p=4588"},"modified":"2026-04-15T15:45:04","modified_gmt":"2026-04-16T01:45:04","slug":"masseur-de-prostate-rechargeable","status":"publish","type":"product","link":"https:\/\/www.tahitiplaisirs.com\/en\/product\/masseur-de-prostate-rechargeable\/","title":{"rendered":"Masseur de prostate rechargeable"},"content":{"rendered":"","protected":false},"excerpt":{"rendered":"<p>Masseur de prostate rechargeable de Anal Tech<\/p>\n<p>Stimulateur de prostate courbe, proposant 12 vibrations.<\/p>\n<p>Il mesure 17cm de long dont 12cm ins\u00e9rable avec un diam\u00e8tre de 2.6 \u00e0 3 cm.<\/p>\n<p>Il est fabriqu\u00e9 en silicone de haute qualit\u00e9, il est \u00e9tanche et est rechargeable.<\/p>\n<p>Conseils d&rsquo;utilisation\u00a0:<\/p>\n<ul>\n<li>le nettoyer avant et apr\u00e8s chaque utilisation avec de l&rsquo;eau savonneuse ti\u00e8de et le laisser s\u00e9cher \u00e0 l&rsquo;air libre<\/li>\n<li>l&rsquo;utiliser, uniquement, avec du lubrifiant \u00e0 base d&rsquo;eau<\/li>\n<li>le conserver dans un endroit sec et propre, \u00e0 l&rsquo;abri de la lumi\u00e8re et de la chaleur, sans contact avec d&rsquo;autres objets.<\/li>\n<\/ul>","protected":false},"featured_media":9677,"template":"","meta":[],"product_brand":[],"product_cat":[62,51,47],"product_tag":[],"class_list":{"0":"post-4588","1":"product","2":"type-product","3":"status-publish","4":"has-post-thumbnail","6":"product_cat-plaisir-anal","7":"product_cat-pour-lui","8":"product_cat-sextoys","11":"instock","12":"taxable","13":"shipping-taxable","14":"purchasable","15":"product-type-simple","16":"product-grid-view"},"_links":{"self":[{"href":"https:\/\/www.tahitiplaisirs.com\/en\/wp-json\/wp\/v2\/product\/4588","targetHints":{"allow":["GET"]}}],"collection":[{"href":"https:\/\/www.tahitiplaisirs.com\/en\/wp-json\/wp\/v2\/product"}],"about":[{"href":"https:\/\/www.tahitiplaisirs.com\/en\/wp-json\/wp\/v2\/types\/product"}],"version-history":[{"count":3,"href":"https:\/\/www.tahitiplaisirs.com\/en\/wp-json\/wp\/v2\/product\/4588\/revisions"}],"predecessor-version":[{"id":9682,"href":"https:\/\/www.tahitiplaisirs.com\/en\/wp-json\/wp\/v2\/product\/4588\/revisions\/9682"}],"wp:featuredmedia":[{"embeddable":true,"href":"https:\/\/www.tahitiplaisirs.com\/en\/wp-json\/wp\/v2\/media\/9677"}],"wp:attachment":[{"href":"https:\/\/www.tahitiplaisirs.com\/en\/wp-json\/wp\/v2\/media?parent=4588"}],"wp:term":[{"taxonomy":"product_brand","embeddable":true,"href":"https:\/\/www.tahitiplaisirs.com\/en\/wp-json\/wp\/v2\/product_brand?post=4588"},{"taxonomy":"product_cat","embeddable":true,"href":"https:\/\/www.tahitiplaisirs.com\/en\/wp-json\/wp\/v2\/product_cat?post=4588"},{"taxonomy":"product_tag","embeddable":true,"href":"https:\/\/www.tahitiplaisirs.com\/en\/wp-json\/wp\/v2\/product_tag?post=4588"}],"curies":[{"name":"wp","href":"https:\/\/api.w.org\/{rel}","templated":true}]}}