{"id":4625,"date":"2025-08-15T16:12:29","date_gmt":"2025-08-16T02:12:29","guid":{"rendered":"https:\/\/www.tahitiplaisirs.com\/?post_type=product&#038;p=4625"},"modified":"2026-03-31T14:45:05","modified_gmt":"2026-04-01T00:45:05","slug":"vibromasseur-rabbit-moth","status":"publish","type":"product","link":"https:\/\/www.tahitiplaisirs.com\/en\/product\/vibromasseur-rabbit-moth\/","title":{"rendered":"Vibromasseur rabbit Moth"},"content":{"rendered":"","protected":false},"excerpt":{"rendered":"<p>Vibromasseur rabbit Moth de Baile &#8211; Pretty Love<\/p>\n<p>Le vibromasseur Moth a \u00e9t\u00e9 con\u00e7u pour procurer des sensations inoubliables gr\u00e2ce \u00e0 son design et son papillon sur la pointe du rabbit.<\/p>\n<p>Il propose une stimulation intense du clitoris et une technologie \u201cl\u00e9chage sur la pointe du vibromasseur pour deux fois plus de plaisir !<\/p>\n<p>Dot\u00e9 de deux moteurs puissants , il propose plus de 12 modes de vibration et 3 modes de \u201cl\u00e9chage\u201d pouvant \u00eatre contr\u00f4l\u00e9s confortablement via les boutons du jouet.<\/p>\n<p>Il est fabriqu\u00e9 en silicone ultra doux et hypoallerg\u00e9nique de qualit\u00e9 sup\u00e9rieure.<\/p>\n<p>Ce sextoy fonctionne avec 2 piles AAA<\/p>","protected":false},"featured_media":6909,"template":"","meta":[],"product_brand":[93],"product_cat":[47,64],"product_tag":[],"class_list":{"0":"post-4625","1":"product","2":"type-product","3":"status-publish","4":"has-post-thumbnail","6":"product_brand-baile-pretty-love","7":"product_cat-sextoys","8":"product_cat-vibromasseurs","11":"instock","12":"taxable","13":"shipping-taxable","14":"purchasable","15":"product-type-simple","16":"product-grid-view"},"_links":{"self":[{"href":"https:\/\/www.tahitiplaisirs.com\/en\/wp-json\/wp\/v2\/product\/4625","targetHints":{"allow":["GET"]}}],"collection":[{"href":"https:\/\/www.tahitiplaisirs.com\/en\/wp-json\/wp\/v2\/product"}],"about":[{"href":"https:\/\/www.tahitiplaisirs.com\/en\/wp-json\/wp\/v2\/types\/product"}],"version-history":[{"count":2,"href":"https:\/\/www.tahitiplaisirs.com\/en\/wp-json\/wp\/v2\/product\/4625\/revisions"}],"predecessor-version":[{"id":6911,"href":"https:\/\/www.tahitiplaisirs.com\/en\/wp-json\/wp\/v2\/product\/4625\/revisions\/6911"}],"wp:featuredmedia":[{"embeddable":true,"href":"https:\/\/www.tahitiplaisirs.com\/en\/wp-json\/wp\/v2\/media\/6909"}],"wp:attachment":[{"href":"https:\/\/www.tahitiplaisirs.com\/en\/wp-json\/wp\/v2\/media?parent=4625"}],"wp:term":[{"taxonomy":"product_brand","embeddable":true,"href":"https:\/\/www.tahitiplaisirs.com\/en\/wp-json\/wp\/v2\/product_brand?post=4625"},{"taxonomy":"product_cat","embeddable":true,"href":"https:\/\/www.tahitiplaisirs.com\/en\/wp-json\/wp\/v2\/product_cat?post=4625"},{"taxonomy":"product_tag","embeddable":true,"href":"https:\/\/www.tahitiplaisirs.com\/en\/wp-json\/wp\/v2\/product_tag?post=4625"}],"curies":[{"name":"wp","href":"https:\/\/api.w.org\/{rel}","templated":true}]}}