{"id":4626,"date":"2025-08-15T16:12:29","date_gmt":"2025-08-16T02:12:29","guid":{"rendered":"https:\/\/www.tahitiplaisirs.com\/?post_type=product&#038;p=4626"},"modified":"2026-04-16T16:27:10","modified_gmt":"2026-04-17T02:27:10","slug":"jeu-sexe-cache","status":"publish","type":"product","link":"https:\/\/www.tahitiplaisirs.com\/en\/product\/jeu-sexe-cache\/","title":{"rendered":"Jeu Sexe cach\u00e9"},"content":{"rendered":"","protected":false},"excerpt":{"rendered":"<p>Jeu Sexe cach\u00e9 de Cr\u00e9ations Ozz\u00e9<\/p>\n<p>Voici le jeu pour couple divertissant et romantique qui se transforme en chasse aux tr\u00e9sors sexy\u202f!<\/p>\n<p>La chasse au tr\u00e9sor sexy se veut avant tout \u00eatre un jeu pour couple divertissant et romantique qui saura mettre un peu de piquant dans votre quotidien !<\/p>\n<p>Chaque joueur doit cacher 15 cartes \u00e0 gratter un peu partout dans la maison. Ensuite, chacun doit trouver ces cartes pour m\u00e9riter les petites g\u00e2teries qu\u2019ils cachent.<\/p>\n<p>Les g\u00e2teries vont du petit d\u00e9jeuner au lit jusqu\u2019\u00e0 votre faveur sexuelle pr\u00e9f\u00e9r\u00e9e !<\/p>\n<p>Contenu\u00a0:<\/p>\n<ul>\n<li>R\u00e8gles du jeu<\/li>\n<li>15 billets \u00e0 gratter pour elle<\/li>\n<li>15 billets \u00e0 gratter pour lui<\/li>\n<\/ul>","protected":false},"featured_media":10126,"template":"","meta":[],"product_brand":[],"product_cat":[57,61,71],"product_tag":[],"class_list":{"0":"post-4626","1":"product","2":"type-product","3":"status-publish","4":"has-post-thumbnail","6":"product_cat-accessoires","7":"product_cat-jeux-coquins","8":"product_cat-pour-couple","11":"instock","12":"taxable","13":"shipping-taxable","14":"purchasable","15":"product-type-simple","16":"product-grid-view"},"_links":{"self":[{"href":"https:\/\/www.tahitiplaisirs.com\/en\/wp-json\/wp\/v2\/product\/4626","targetHints":{"allow":["GET"]}}],"collection":[{"href":"https:\/\/www.tahitiplaisirs.com\/en\/wp-json\/wp\/v2\/product"}],"about":[{"href":"https:\/\/www.tahitiplaisirs.com\/en\/wp-json\/wp\/v2\/types\/product"}],"version-history":[{"count":3,"href":"https:\/\/www.tahitiplaisirs.com\/en\/wp-json\/wp\/v2\/product\/4626\/revisions"}],"predecessor-version":[{"id":10151,"href":"https:\/\/www.tahitiplaisirs.com\/en\/wp-json\/wp\/v2\/product\/4626\/revisions\/10151"}],"wp:featuredmedia":[{"embeddable":true,"href":"https:\/\/www.tahitiplaisirs.com\/en\/wp-json\/wp\/v2\/media\/10126"}],"wp:attachment":[{"href":"https:\/\/www.tahitiplaisirs.com\/en\/wp-json\/wp\/v2\/media?parent=4626"}],"wp:term":[{"taxonomy":"product_brand","embeddable":true,"href":"https:\/\/www.tahitiplaisirs.com\/en\/wp-json\/wp\/v2\/product_brand?post=4626"},{"taxonomy":"product_cat","embeddable":true,"href":"https:\/\/www.tahitiplaisirs.com\/en\/wp-json\/wp\/v2\/product_cat?post=4626"},{"taxonomy":"product_tag","embeddable":true,"href":"https:\/\/www.tahitiplaisirs.com\/en\/wp-json\/wp\/v2\/product_tag?post=4626"}],"curies":[{"name":"wp","href":"https:\/\/api.w.org\/{rel}","templated":true}]}}