{"id":4638,"date":"2025-08-15T16:12:30","date_gmt":"2025-08-16T02:12:30","guid":{"rendered":"https:\/\/www.tahitiplaisirs.com\/?post_type=product&#038;p=4638"},"modified":"2026-03-21T14:14:17","modified_gmt":"2026-03-22T00:14:17","slug":"pjur-stimulant-my-glide","status":"publish","type":"product","link":"https:\/\/www.tahitiplaisirs.com\/en\/product\/pjur-stimulant-my-glide\/","title":{"rendered":"Pjur stimulant My glide"},"content":{"rendered":"","protected":false},"excerpt":{"rendered":"<p>Lubrifiant stimulant My glide 100 ml de Pjur<\/p>\n<p>Le lubrifiant\u00a0stimulant My glide au ginseng est un lubrifiant \u00e0 base d&rsquo;eau \u00e0 effet chauffant.<\/p>\n<p>Il a sp\u00e9cifiquement \u00e9t\u00e9 con\u00e7u <span class=\"a-list-item\">pour \u00e9veiller, exciter, stimuler et <\/span>intensifier les sensations chez la femme.<\/p>\n<p><span class=\"a-list-item\">L&rsquo;inclusion de ginseng naturel augmente commod\u00e9ment le flux sanguin.<\/span><\/p>","protected":false},"featured_media":7667,"template":"","meta":[],"product_brand":[89],"product_cat":[49,50,67],"product_tag":[],"class_list":{"0":"post-4638","1":"product","2":"type-product","3":"status-publish","4":"has-post-thumbnail","6":"product_brand-pjur","7":"product_cat-bien-etre","8":"product_cat-lubrifiants","9":"product_cat-stimulants-femmes","12":"instock","13":"taxable","14":"shipping-taxable","15":"purchasable","16":"product-type-simple","17":"product-grid-view"},"_links":{"self":[{"href":"https:\/\/www.tahitiplaisirs.com\/en\/wp-json\/wp\/v2\/product\/4638","targetHints":{"allow":["GET"]}}],"collection":[{"href":"https:\/\/www.tahitiplaisirs.com\/en\/wp-json\/wp\/v2\/product"}],"about":[{"href":"https:\/\/www.tahitiplaisirs.com\/en\/wp-json\/wp\/v2\/types\/product"}],"version-history":[{"count":1,"href":"https:\/\/www.tahitiplaisirs.com\/en\/wp-json\/wp\/v2\/product\/4638\/revisions"}],"predecessor-version":[{"id":4668,"href":"https:\/\/www.tahitiplaisirs.com\/en\/wp-json\/wp\/v2\/product\/4638\/revisions\/4668"}],"wp:featuredmedia":[{"embeddable":true,"href":"https:\/\/www.tahitiplaisirs.com\/en\/wp-json\/wp\/v2\/media\/7667"}],"wp:attachment":[{"href":"https:\/\/www.tahitiplaisirs.com\/en\/wp-json\/wp\/v2\/media?parent=4638"}],"wp:term":[{"taxonomy":"product_brand","embeddable":true,"href":"https:\/\/www.tahitiplaisirs.com\/en\/wp-json\/wp\/v2\/product_brand?post=4638"},{"taxonomy":"product_cat","embeddable":true,"href":"https:\/\/www.tahitiplaisirs.com\/en\/wp-json\/wp\/v2\/product_cat?post=4638"},{"taxonomy":"product_tag","embeddable":true,"href":"https:\/\/www.tahitiplaisirs.com\/en\/wp-json\/wp\/v2\/product_tag?post=4638"}],"curies":[{"name":"wp","href":"https:\/\/api.w.org\/{rel}","templated":true}]}}