{"id":4646,"date":"2025-08-15T16:12:30","date_gmt":"2025-08-16T02:12:30","guid":{"rendered":"https:\/\/www.tahitiplaisirs.com\/?post_type=product&#038;p=4646"},"modified":"2026-03-21T14:14:14","modified_gmt":"2026-03-22T00:14:14","slug":"decapsuleur-penis-chair","status":"publish","type":"product","link":"https:\/\/www.tahitiplaisirs.com\/en\/product\/decapsuleur-penis-chair\/","title":{"rendered":"D\u00e9capsuleur p\u00e9nis chair"},"content":{"rendered":"","protected":false},"excerpt":{"rendered":"<p>D\u00e9capsuleur p\u00e9nis de Diablo Picante<\/p>\n<p>D\u00e9capsuleur en forme de p\u00e9nis couleur chair.<\/p>\n<p>Il mesure 8,5cm de longueur et 3,5cm de diam\u00e8tre au plus large.<\/p>\n<p>Le cadeau id\u00e9al \u00e0 offrir !<\/p>","protected":false},"featured_media":7837,"template":"","meta":[],"product_brand":[],"product_cat":[57],"product_tag":[],"class_list":{"0":"post-4646","1":"product","2":"type-product","3":"status-publish","4":"has-post-thumbnail","6":"product_cat-accessoires","9":"instock","10":"taxable","11":"shipping-taxable","12":"purchasable","13":"product-type-simple","14":"product-grid-view"},"_links":{"self":[{"href":"https:\/\/www.tahitiplaisirs.com\/en\/wp-json\/wp\/v2\/product\/4646","targetHints":{"allow":["GET"]}}],"collection":[{"href":"https:\/\/www.tahitiplaisirs.com\/en\/wp-json\/wp\/v2\/product"}],"about":[{"href":"https:\/\/www.tahitiplaisirs.com\/en\/wp-json\/wp\/v2\/types\/product"}],"version-history":[{"count":2,"href":"https:\/\/www.tahitiplaisirs.com\/en\/wp-json\/wp\/v2\/product\/4646\/revisions"}],"predecessor-version":[{"id":7800,"href":"https:\/\/www.tahitiplaisirs.com\/en\/wp-json\/wp\/v2\/product\/4646\/revisions\/7800"}],"wp:featuredmedia":[{"embeddable":true,"href":"https:\/\/www.tahitiplaisirs.com\/en\/wp-json\/wp\/v2\/media\/7837"}],"wp:attachment":[{"href":"https:\/\/www.tahitiplaisirs.com\/en\/wp-json\/wp\/v2\/media?parent=4646"}],"wp:term":[{"taxonomy":"product_brand","embeddable":true,"href":"https:\/\/www.tahitiplaisirs.com\/en\/wp-json\/wp\/v2\/product_brand?post=4646"},{"taxonomy":"product_cat","embeddable":true,"href":"https:\/\/www.tahitiplaisirs.com\/en\/wp-json\/wp\/v2\/product_cat?post=4646"},{"taxonomy":"product_tag","embeddable":true,"href":"https:\/\/www.tahitiplaisirs.com\/en\/wp-json\/wp\/v2\/product_tag?post=4646"}],"curies":[{"name":"wp","href":"https:\/\/api.w.org\/{rel}","templated":true}]}}