{"id":4649,"date":"2025-08-15T16:12:30","date_gmt":"2025-08-16T02:12:30","guid":{"rendered":"https:\/\/www.tahitiplaisirs.com\/?post_type=product&#038;p=4649"},"modified":"2026-03-21T14:14:10","modified_gmt":"2026-03-22T00:14:10","slug":"anneaux-x3-stay-hard-rose","status":"publish","type":"product","link":"https:\/\/www.tahitiplaisirs.com\/en\/product\/anneaux-x3-stay-hard-rose\/","title":{"rendered":"Anneaux X3 Stay Hard rose"},"content":{"rendered":"","protected":false},"excerpt":{"rendered":"<p>Pack 3 anneaux Stay Hard rose de Blush<\/p>\n<p class=\"pdp-description-title\">Pack de 3 anneaux fabriqu\u00e9s en TPR, une mati\u00e8re douce et extensible pour s&rsquo;adapter \u00e0 toutes les tailles de p\u00e9nis<\/p>\n<p class=\"pdp-description-title\">Ils aident \u00e0 maintenir votre \u00e9rection et ils retardent votre \u00e9jaculation.<\/p>\n<p id=\"tw-target-text\" class=\"tw-data-text tw-text-large XcVN5d tw-ta\" dir=\"ltr\" data-placeholder=\"Traduction\"><span lang=\"fr\">Les anneaux peuvent \u00eatre utiliser individuellement ou les 3 \u00e0 la fois.<\/span><\/p>\n<p class=\"tw-data-text tw-text-large XcVN5d tw-ta\" dir=\"ltr\" data-placeholder=\"Traduction\"><span lang=\"fr\">Le petit anneau est pour les \u00e9rections maximales, l&rsquo;anneau moyen, pour les \u00e9rections dures et le grand anneau peut \u00eatre utilis\u00e9 pour encercler la partie sup\u00e9rieure de votre scrotum pour aider \u00e0 pr\u00e9venir l&rsquo;\u00e9jaculation pr\u00e9matur\u00e9e.<\/span><\/p>\n<p class=\"pdp-description-title\">Articles non toxique, ne contient pas de phtalates<\/p>","protected":false},"featured_media":7835,"template":"","meta":[],"product_brand":[126],"product_cat":[68,51,47],"product_tag":[],"class_list":{"0":"post-4649","1":"product","2":"type-product","3":"status-publish","4":"has-post-thumbnail","6":"product_brand-blush","7":"product_cat-anneaux","8":"product_cat-pour-lui","9":"product_cat-sextoys","12":"instock","13":"purchasable","14":"product-type-simple","15":"product-grid-view"},"_links":{"self":[{"href":"https:\/\/www.tahitiplaisirs.com\/en\/wp-json\/wp\/v2\/product\/4649","targetHints":{"allow":["GET"]}}],"collection":[{"href":"https:\/\/www.tahitiplaisirs.com\/en\/wp-json\/wp\/v2\/product"}],"about":[{"href":"https:\/\/www.tahitiplaisirs.com\/en\/wp-json\/wp\/v2\/types\/product"}],"version-history":[{"count":1,"href":"https:\/\/www.tahitiplaisirs.com\/en\/wp-json\/wp\/v2\/product\/4649\/revisions"}],"predecessor-version":[{"id":4679,"href":"https:\/\/www.tahitiplaisirs.com\/en\/wp-json\/wp\/v2\/product\/4649\/revisions\/4679"}],"wp:featuredmedia":[{"embeddable":true,"href":"https:\/\/www.tahitiplaisirs.com\/en\/wp-json\/wp\/v2\/media\/7835"}],"wp:attachment":[{"href":"https:\/\/www.tahitiplaisirs.com\/en\/wp-json\/wp\/v2\/media?parent=4649"}],"wp:term":[{"taxonomy":"product_brand","embeddable":true,"href":"https:\/\/www.tahitiplaisirs.com\/en\/wp-json\/wp\/v2\/product_brand?post=4649"},{"taxonomy":"product_cat","embeddable":true,"href":"https:\/\/www.tahitiplaisirs.com\/en\/wp-json\/wp\/v2\/product_cat?post=4649"},{"taxonomy":"product_tag","embeddable":true,"href":"https:\/\/www.tahitiplaisirs.com\/en\/wp-json\/wp\/v2\/product_tag?post=4649"}],"curies":[{"name":"wp","href":"https:\/\/api.w.org\/{rel}","templated":true}]}}