{"id":4687,"date":"2026-02-06T16:15:34","date_gmt":"2026-02-07T02:15:34","guid":{"rendered":"https:\/\/www.tahitiplaisirs.com\/?post_type=product&#038;p=4687"},"modified":"2026-04-03T08:16:10","modified_gmt":"2026-04-03T18:16:10","slug":"oeuf-masturbateur-athena-eros-bleu","status":"publish","type":"product","link":"https:\/\/www.tahitiplaisirs.com\/en\/product\/oeuf-masturbateur-athena-eros-bleu\/","title":{"rendered":"Oeuf masturbateur Athena Eros bleu"},"content":{"rendered":"","protected":false},"excerpt":{"rendered":"<p>Oeuf masturbateur Athena Eors bleu de Baile &#8211; Pretty Love<\/p>\n<p>Cet \u0153uf masturbateur est super extensible et est parfait pour des caresses de haut en bas et des torsions lat\u00e9rales afin d&rsquo;exp\u00e9rimenter la sensation des d\u00e9tails internes.<\/p>\n<p>Sa conception compacte et \u00e0 double entr\u00e9e fait de cet \u0153uf masturbateur un compagnon de voyage pratique.<\/p>\n<p>Le mat\u00e9riau TPR est parfait pour un nettoyage facile, vous pouvez l&rsquo;utiliser pour des caresses en solo sous la douche ou dans le bain.<\/p>\n<p>Il s&rsquo;adapte \u00e0 presque toutes les tailles de p\u00e9nis.<\/p>","protected":false},"featured_media":10773,"template":"","meta":[],"product_brand":[93],"product_cat":[78,51,47],"product_tag":[],"class_list":{"0":"post-4687","1":"product","2":"type-product","3":"status-publish","4":"has-post-thumbnail","6":"product_brand-baile-pretty-love","7":"product_cat-masturbateurs","8":"product_cat-pour-lui","9":"product_cat-sextoys","12":"instock","13":"purchasable","14":"product-type-simple","15":"product-grid-view"},"_links":{"self":[{"href":"https:\/\/www.tahitiplaisirs.com\/en\/wp-json\/wp\/v2\/product\/4687","targetHints":{"allow":["GET"]}}],"collection":[{"href":"https:\/\/www.tahitiplaisirs.com\/en\/wp-json\/wp\/v2\/product"}],"about":[{"href":"https:\/\/www.tahitiplaisirs.com\/en\/wp-json\/wp\/v2\/types\/product"}],"version-history":[{"count":3,"href":"https:\/\/www.tahitiplaisirs.com\/en\/wp-json\/wp\/v2\/product\/4687\/revisions"}],"predecessor-version":[{"id":10777,"href":"https:\/\/www.tahitiplaisirs.com\/en\/wp-json\/wp\/v2\/product\/4687\/revisions\/10777"}],"wp:featuredmedia":[{"embeddable":true,"href":"https:\/\/www.tahitiplaisirs.com\/en\/wp-json\/wp\/v2\/media\/10773"}],"wp:attachment":[{"href":"https:\/\/www.tahitiplaisirs.com\/en\/wp-json\/wp\/v2\/media?parent=4687"}],"wp:term":[{"taxonomy":"product_brand","embeddable":true,"href":"https:\/\/www.tahitiplaisirs.com\/en\/wp-json\/wp\/v2\/product_brand?post=4687"},{"taxonomy":"product_cat","embeddable":true,"href":"https:\/\/www.tahitiplaisirs.com\/en\/wp-json\/wp\/v2\/product_cat?post=4687"},{"taxonomy":"product_tag","embeddable":true,"href":"https:\/\/www.tahitiplaisirs.com\/en\/wp-json\/wp\/v2\/product_tag?post=4687"}],"curies":[{"name":"wp","href":"https:\/\/api.w.org\/{rel}","templated":true}]}}