{"id":4693,"date":"2025-08-15T16:12:34","date_gmt":"2025-08-16T02:12:34","guid":{"rendered":"https:\/\/www.tahitiplaisirs.com\/?post_type=product&#038;p=4693"},"modified":"2026-03-21T14:14:16","modified_gmt":"2026-03-22T00:14:16","slug":"mini-robe-noire-kl-s-l","status":"publish","type":"product","link":"https:\/\/www.tahitiplaisirs.com\/en\/product\/mini-robe-noire-kl-s-l\/","title":{"rendered":"Mini robe noire KL S-L"},"content":{"rendered":"","protected":false},"excerpt":{"rendered":"<p>Robe noire sans bretelles de Killer Legs<\/p>\n<p>r\u00e9f 829YD005_BLK<\/p>\n<p><span dir=\"auto\">Mini robe en dentelle noire <\/span><span dir=\"auto\">avec un d\u00e9collet\u00e9 en forme de c\u0153ur et des d\u00e9coupes lat\u00e9rales sexy.<\/span><\/p>","protected":false},"featured_media":8807,"template":"","meta":[],"product_brand":[136],"product_cat":[73,74,63],"product_tag":[],"class_list":{"0":"post-4693","1":"product","2":"type-product","3":"status-publish","4":"has-post-thumbnail","6":"product_brand-killer-legs","7":"product_cat-lingerie-sexy","8":"product_cat-nuisettes-bodys-et-set","9":"product_cat-pour-elle","12":"instock","13":"taxable","14":"shipping-taxable","15":"purchasable","16":"product-type-simple","17":"product-grid-view"},"_links":{"self":[{"href":"https:\/\/www.tahitiplaisirs.com\/en\/wp-json\/wp\/v2\/product\/4693","targetHints":{"allow":["GET"]}}],"collection":[{"href":"https:\/\/www.tahitiplaisirs.com\/en\/wp-json\/wp\/v2\/product"}],"about":[{"href":"https:\/\/www.tahitiplaisirs.com\/en\/wp-json\/wp\/v2\/types\/product"}],"version-history":[{"count":4,"href":"https:\/\/www.tahitiplaisirs.com\/en\/wp-json\/wp\/v2\/product\/4693\/revisions"}],"predecessor-version":[{"id":8843,"href":"https:\/\/www.tahitiplaisirs.com\/en\/wp-json\/wp\/v2\/product\/4693\/revisions\/8843"}],"wp:featuredmedia":[{"embeddable":true,"href":"https:\/\/www.tahitiplaisirs.com\/en\/wp-json\/wp\/v2\/media\/8807"}],"wp:attachment":[{"href":"https:\/\/www.tahitiplaisirs.com\/en\/wp-json\/wp\/v2\/media?parent=4693"}],"wp:term":[{"taxonomy":"product_brand","embeddable":true,"href":"https:\/\/www.tahitiplaisirs.com\/en\/wp-json\/wp\/v2\/product_brand?post=4693"},{"taxonomy":"product_cat","embeddable":true,"href":"https:\/\/www.tahitiplaisirs.com\/en\/wp-json\/wp\/v2\/product_cat?post=4693"},{"taxonomy":"product_tag","embeddable":true,"href":"https:\/\/www.tahitiplaisirs.com\/en\/wp-json\/wp\/v2\/product_tag?post=4693"}],"curies":[{"name":"wp","href":"https:\/\/api.w.org\/{rel}","templated":true}]}}