{"id":4694,"date":"2025-11-15T16:12:34","date_gmt":"2025-11-16T02:12:34","guid":{"rendered":"https:\/\/www.tahitiplaisirs.com\/?post_type=product&#038;p=4694"},"modified":"2026-04-16T10:10:06","modified_gmt":"2026-04-16T20:10:06","slug":"rhino-titanium-18k","status":"publish","type":"product","link":"https:\/\/www.tahitiplaisirs.com\/en\/product\/rhino-titanium-18k\/","title":{"rendered":"Rhino Titanium 18k"},"content":{"rendered":"","protected":false},"excerpt":{"rendered":"<p>Rhino Titanium 18k<\/p>\n<p><span class=\"Y2IQFc\" lang=\"fr\">Sa formule <span lang=\"fr\">a \u00e9t\u00e9 scientifiquement con\u00e7u pour les hommes afin d&rsquo;augmenter <\/span> les performances, l&rsquo;endurance.<\/span><\/p>\n<div id=\"tw-target-text-container\" class=\"tw-ta-container hide-focus-ring tw-nfl\" tabindex=\"0\">\n<p class=\"tw-data-text tw-text-large XcVN5d tw-ta\" dir=\"ltr\" data-placeholder=\"Traduction\"><span lang=\"fr\"> Il a \u00e9t\u00e9 formul\u00e9 pour favoriser des \u00e9rections plus longues, plus dures et am\u00e9liorer l&rsquo;activit\u00e9 sexuelle<\/span><\/p>\n<p dir=\"ltr\" data-placeholder=\"Traduction\">Mode d&#8217;emploi :<\/p>\n<div id=\"tw-target-text-container\" class=\"tw-ta-container hide-focus-ring tw-nfl\" tabindex=\"0\">\n<p id=\"tw-target-text\" class=\"tw-data-text tw-text-large XcVN5d tw-ta\" dir=\"ltr\" data-placeholder=\"Traduction\"><span lang=\"fr\">Prendre 1 g\u00e9lule 30 minutes avant l&rsquo;activit\u00e9 sexuelle avec un verre d&rsquo;eau<\/span><\/p>\n<p class=\"tw-data-text tw-text-large XcVN5d tw-ta\" dir=\"ltr\" data-placeholder=\"Traduction\"><span lang=\"fr\">Les effets sont activ\u00e9s lorsque la stimulation physique se produit et peuvent durer jusqu&rsquo;\u00e0 99 heures<\/span><\/p>\n<p class=\"tw-data-text tw-text-large XcVN5d tw-ta\" dir=\"ltr\" data-placeholder=\"Traduction\"><span lang=\"fr\">Ne prenez pas plus d&rsquo;un comprim\u00e9 dans les 60 heures.<\/span><\/p>\n<\/div>\n<p id=\"tw-target-text\" class=\"tw-data-text tw-text-large tw-ta\" dir=\"ltr\" data-placeholder=\"Traduction\"><span class=\"Y2IQFc\" lang=\"fr\">\u00a0<\/span><\/p>\n<\/div>","protected":false},"featured_media":10627,"template":"","meta":[],"product_brand":[],"product_cat":[51,55],"product_tag":[],"class_list":{"0":"post-4694","1":"product","2":"type-product","3":"status-publish","4":"has-post-thumbnail","6":"product_cat-pour-lui","7":"product_cat-stimulants-hommes","10":"instock","11":"purchasable","12":"product-type-simple","13":"product-grid-view"},"_links":{"self":[{"href":"https:\/\/www.tahitiplaisirs.com\/en\/wp-json\/wp\/v2\/product\/4694","targetHints":{"allow":["GET"]}}],"collection":[{"href":"https:\/\/www.tahitiplaisirs.com\/en\/wp-json\/wp\/v2\/product"}],"about":[{"href":"https:\/\/www.tahitiplaisirs.com\/en\/wp-json\/wp\/v2\/types\/product"}],"version-history":[{"count":3,"href":"https:\/\/www.tahitiplaisirs.com\/en\/wp-json\/wp\/v2\/product\/4694\/revisions"}],"predecessor-version":[{"id":10635,"href":"https:\/\/www.tahitiplaisirs.com\/en\/wp-json\/wp\/v2\/product\/4694\/revisions\/10635"}],"wp:featuredmedia":[{"embeddable":true,"href":"https:\/\/www.tahitiplaisirs.com\/en\/wp-json\/wp\/v2\/media\/10627"}],"wp:attachment":[{"href":"https:\/\/www.tahitiplaisirs.com\/en\/wp-json\/wp\/v2\/media?parent=4694"}],"wp:term":[{"taxonomy":"product_brand","embeddable":true,"href":"https:\/\/www.tahitiplaisirs.com\/en\/wp-json\/wp\/v2\/product_brand?post=4694"},{"taxonomy":"product_cat","embeddable":true,"href":"https:\/\/www.tahitiplaisirs.com\/en\/wp-json\/wp\/v2\/product_cat?post=4694"},{"taxonomy":"product_tag","embeddable":true,"href":"https:\/\/www.tahitiplaisirs.com\/en\/wp-json\/wp\/v2\/product_tag?post=4694"}],"curies":[{"name":"wp","href":"https:\/\/api.w.org\/{rel}","templated":true}]}}