{"id":4700,"date":"2025-08-15T16:12:34","date_gmt":"2025-08-16T02:12:34","guid":{"rendered":"https:\/\/www.tahitiplaisirs.com\/?post_type=product&#038;p=4700"},"modified":"2026-04-16T09:09:05","modified_gmt":"2026-04-16T19:09:05","slug":"oh-baby-platinum","status":"publish","type":"product","link":"https:\/\/www.tahitiplaisirs.com\/en\/product\/oh-baby-platinum\/","title":{"rendered":"Oh Baby Platinum"},"content":{"rendered":"","protected":false},"excerpt":{"rendered":"<p>Oh Baby Platinum<\/p>\n<p>Sa formule a \u00e9t\u00e9 scientifiquement con\u00e7u pour les hommes afin d\u2019augmenter les performances, l\u2019endurance.<\/p>\n<p>Il a \u00e9t\u00e9 formul\u00e9 pour favoriser des \u00e9rections plus longues, plus dures et am\u00e9liorer l\u2019activit\u00e9 sexuelle<\/p>\n<p>Mode d\u2019emploi :<\/p>\n<p>Prendre 1 g\u00e9lule 30 minutes avant l\u2019activit\u00e9 sexuelle avec un verre d\u2019eau<\/p>\n<p>Les effets sont activ\u00e9s lorsque la stimulation physique se produit et peuvent durer jusqu\u2019\u00e0 99 heures.<\/p>\n<p>Ne prenez pas plus d\u2019un comprim\u00e9 dans les 60 heures.<\/p>\n<p>&nbsp;<\/p>","protected":false},"featured_media":6701,"template":"","meta":[],"product_brand":[],"product_cat":[51,55],"product_tag":[],"class_list":{"0":"post-4700","1":"product","2":"type-product","3":"status-publish","4":"has-post-thumbnail","6":"product_cat-pour-lui","7":"product_cat-stimulants-hommes","10":"instock","11":"purchasable","12":"product-type-simple","13":"product-grid-view"},"_links":{"self":[{"href":"https:\/\/www.tahitiplaisirs.com\/en\/wp-json\/wp\/v2\/product\/4700","targetHints":{"allow":["GET"]}}],"collection":[{"href":"https:\/\/www.tahitiplaisirs.com\/en\/wp-json\/wp\/v2\/product"}],"about":[{"href":"https:\/\/www.tahitiplaisirs.com\/en\/wp-json\/wp\/v2\/types\/product"}],"version-history":[{"count":2,"href":"https:\/\/www.tahitiplaisirs.com\/en\/wp-json\/wp\/v2\/product\/4700\/revisions"}],"predecessor-version":[{"id":6711,"href":"https:\/\/www.tahitiplaisirs.com\/en\/wp-json\/wp\/v2\/product\/4700\/revisions\/6711"}],"wp:featuredmedia":[{"embeddable":true,"href":"https:\/\/www.tahitiplaisirs.com\/en\/wp-json\/wp\/v2\/media\/6701"}],"wp:attachment":[{"href":"https:\/\/www.tahitiplaisirs.com\/en\/wp-json\/wp\/v2\/media?parent=4700"}],"wp:term":[{"taxonomy":"product_brand","embeddable":true,"href":"https:\/\/www.tahitiplaisirs.com\/en\/wp-json\/wp\/v2\/product_brand?post=4700"},{"taxonomy":"product_cat","embeddable":true,"href":"https:\/\/www.tahitiplaisirs.com\/en\/wp-json\/wp\/v2\/product_cat?post=4700"},{"taxonomy":"product_tag","embeddable":true,"href":"https:\/\/www.tahitiplaisirs.com\/en\/wp-json\/wp\/v2\/product_tag?post=4700"}],"curies":[{"name":"wp","href":"https:\/\/api.w.org\/{rel}","templated":true}]}}