{"id":4701,"date":"2025-08-15T16:12:34","date_gmt":"2025-08-16T02:12:34","guid":{"rendered":"https:\/\/www.tahitiplaisirs.com\/?post_type=product&#038;p=4701"},"modified":"2026-03-23T13:04:05","modified_gmt":"2026-03-23T23:04:05","slug":"boner-bears-3-doses","status":"publish","type":"product","link":"https:\/\/www.tahitiplaisirs.com\/en\/product\/boner-bears-3-doses\/","title":{"rendered":"Boner Bears 3 doses"},"content":{"rendered":"","protected":false},"excerpt":{"rendered":"<p>Boner Bears 3 doses (6 friandises)<\/p>\n<p>100 mg<\/p>\n<p><span class=\"Y2IQFc\" lang=\"fr\"><span lang=\"fr\">Ces friandises ont \u00e9t\u00e9 con\u00e7ues pour les hommes afin d&rsquo;augmenter <\/span> les performances, l&rsquo;endurance.<\/span><\/p>\n<div id=\"tw-target-text-container\" class=\"tw-ta-container hide-focus-ring tw-nfl\" tabindex=\"0\">\n<p class=\"tw-data-text tw-text-large XcVN5d tw-ta\" dir=\"ltr\" data-placeholder=\"Traduction\"><span lang=\"fr\"> Elles ont \u00e9t\u00e9 formul\u00e9es pour favoriser des \u00e9rections plus longues, plus dures et am\u00e9liorer l&rsquo;activit\u00e9 sexuelle<\/span><\/p>\n<p dir=\"ltr\" data-placeholder=\"Traduction\">Mode d&#8217;emploi :<\/p>\n<div id=\"tw-target-text-container\" class=\"tw-ta-container hide-focus-ring tw-nfl\" tabindex=\"0\">\n<p id=\"tw-target-text\" class=\"tw-data-text tw-text-large XcVN5d tw-ta\" dir=\"ltr\" data-placeholder=\"Traduction\"><span lang=\"fr\">Prendre 2 friandises 60 minutes avant l&rsquo;activit\u00e9 sexuelle<\/span><\/p>\n<p class=\"tw-data-text tw-text-large XcVN5d tw-ta\" dir=\"ltr\" data-placeholder=\"Traduction\"><span lang=\"fr\">Les effets sont activ\u00e9s lorsque la stimulation physique se produit et peuvent durer jusqu&rsquo;\u00e0 5 heures.<\/span><\/p>\n<p class=\"tw-data-text tw-text-large XcVN5d tw-ta\" dir=\"ltr\" data-placeholder=\"Traduction\"><span lang=\"fr\">Ne prenez pas plus de 3 friandises dans les 24 heures.<\/span><\/p>\n<\/div>\n<\/div>","protected":false},"featured_media":6707,"template":"","meta":[],"product_brand":[],"product_cat":[51,55],"product_tag":[],"class_list":{"0":"post-4701","1":"product","2":"type-product","3":"status-publish","4":"has-post-thumbnail","6":"product_cat-pour-lui","7":"product_cat-stimulants-hommes","10":"instock","11":"purchasable","12":"product-type-simple","13":"product-grid-view"},"_links":{"self":[{"href":"https:\/\/www.tahitiplaisirs.com\/en\/wp-json\/wp\/v2\/product\/4701","targetHints":{"allow":["GET"]}}],"collection":[{"href":"https:\/\/www.tahitiplaisirs.com\/en\/wp-json\/wp\/v2\/product"}],"about":[{"href":"https:\/\/www.tahitiplaisirs.com\/en\/wp-json\/wp\/v2\/types\/product"}],"version-history":[{"count":1,"href":"https:\/\/www.tahitiplaisirs.com\/en\/wp-json\/wp\/v2\/product\/4701\/revisions"}],"predecessor-version":[{"id":4731,"href":"https:\/\/www.tahitiplaisirs.com\/en\/wp-json\/wp\/v2\/product\/4701\/revisions\/4731"}],"wp:featuredmedia":[{"embeddable":true,"href":"https:\/\/www.tahitiplaisirs.com\/en\/wp-json\/wp\/v2\/media\/6707"}],"wp:attachment":[{"href":"https:\/\/www.tahitiplaisirs.com\/en\/wp-json\/wp\/v2\/media?parent=4701"}],"wp:term":[{"taxonomy":"product_brand","embeddable":true,"href":"https:\/\/www.tahitiplaisirs.com\/en\/wp-json\/wp\/v2\/product_brand?post=4701"},{"taxonomy":"product_cat","embeddable":true,"href":"https:\/\/www.tahitiplaisirs.com\/en\/wp-json\/wp\/v2\/product_cat?post=4701"},{"taxonomy":"product_tag","embeddable":true,"href":"https:\/\/www.tahitiplaisirs.com\/en\/wp-json\/wp\/v2\/product_tag?post=4701"}],"curies":[{"name":"wp","href":"https:\/\/api.w.org\/{rel}","templated":true}]}}