{"id":4707,"date":"2025-08-15T16:12:34","date_gmt":"2025-08-16T02:12:34","guid":{"rendered":"https:\/\/www.tahitiplaisirs.com\/?post_type=product&#038;p=4707"},"modified":"2026-04-13T16:13:05","modified_gmt":"2026-04-14T02:13:05","slug":"pjur-eau-et-panthenol-100ml","status":"publish","type":"product","link":"https:\/\/www.tahitiplaisirs.com\/en\/product\/pjur-eau-et-panthenol-100ml\/","title":{"rendered":"Pjur eau et panth\u00e9nol 100ml"},"content":{"rendered":"","protected":false},"excerpt":{"rendered":"<p>Lubrifiant \u00e0 base d&rsquo;eau et panth\u00e9nol 100 ml de Pjur<\/p>\n<p><span class=\"a-list-item\">Gel lubrifiant \u00e0 base d&rsquo;eau <span id=\"productTitle\" class=\"a-size-large product-title-word-break\">et au panth\u00e9nol hydratant<\/span> qui laisse une sensation agr\u00e9able sur la peau, sans coller.<\/span><\/p>\n<p><span class=\"a-list-item\">Il est formul\u00e9 sans odeur ni go\u00fbt ajout\u00e9s. Tol\u00e9rance cutan\u00e9e test\u00e9e et certifi\u00e9e sous contr\u00f4le dermatologique.<\/span><\/p>\n<p><span class=\"a-list-item\">Formul\u00e9 sans huile et sans gras, il convient \u00e0 l&rsquo;utilisation des pr\u00e9servatifs (en latex).<\/span><\/p>\n<p><span class=\"a-list-item\">Sans silicone, il est compatible avec l&rsquo;utilisation des sextoys.<\/span><\/p>\n<p><span class=\"a-list-item\">Depuis 1995, le nom Pjur est synonyme de fiabilit\u00e9 et de s\u00e9curit\u00e9, garanties par l&rsquo;excellence du \u00ab Made in Germany \u00bb. <\/span><\/p>","protected":false},"featured_media":7644,"template":"","meta":[],"product_brand":[89],"product_cat":[49,50],"product_tag":[],"class_list":{"0":"post-4707","1":"product","2":"type-product","3":"status-publish","4":"has-post-thumbnail","6":"product_brand-pjur","7":"product_cat-bien-etre","8":"product_cat-lubrifiants","11":"instock","12":"taxable","13":"shipping-taxable","14":"purchasable","15":"product-type-simple","16":"product-grid-view"},"_links":{"self":[{"href":"https:\/\/www.tahitiplaisirs.com\/en\/wp-json\/wp\/v2\/product\/4707","targetHints":{"allow":["GET"]}}],"collection":[{"href":"https:\/\/www.tahitiplaisirs.com\/en\/wp-json\/wp\/v2\/product"}],"about":[{"href":"https:\/\/www.tahitiplaisirs.com\/en\/wp-json\/wp\/v2\/types\/product"}],"version-history":[{"count":1,"href":"https:\/\/www.tahitiplaisirs.com\/en\/wp-json\/wp\/v2\/product\/4707\/revisions"}],"predecessor-version":[{"id":4737,"href":"https:\/\/www.tahitiplaisirs.com\/en\/wp-json\/wp\/v2\/product\/4707\/revisions\/4737"}],"wp:featuredmedia":[{"embeddable":true,"href":"https:\/\/www.tahitiplaisirs.com\/en\/wp-json\/wp\/v2\/media\/7644"}],"wp:attachment":[{"href":"https:\/\/www.tahitiplaisirs.com\/en\/wp-json\/wp\/v2\/media?parent=4707"}],"wp:term":[{"taxonomy":"product_brand","embeddable":true,"href":"https:\/\/www.tahitiplaisirs.com\/en\/wp-json\/wp\/v2\/product_brand?post=4707"},{"taxonomy":"product_cat","embeddable":true,"href":"https:\/\/www.tahitiplaisirs.com\/en\/wp-json\/wp\/v2\/product_cat?post=4707"},{"taxonomy":"product_tag","embeddable":true,"href":"https:\/\/www.tahitiplaisirs.com\/en\/wp-json\/wp\/v2\/product_tag?post=4707"}],"curies":[{"name":"wp","href":"https:\/\/api.w.org\/{rel}","templated":true}]}}