{"id":4708,"date":"2025-08-15T16:12:35","date_gmt":"2025-08-16T02:12:35","guid":{"rendered":"https:\/\/www.tahitiplaisirs.com\/?post_type=product&#038;p=4708"},"modified":"2026-03-21T14:14:03","modified_gmt":"2026-03-22T00:14:03","slug":"preservatifs-picots-non-stop-x12","status":"publish","type":"product","link":"https:\/\/www.tahitiplaisirs.com\/en\/product\/preservatifs-picots-non-stop-x12\/","title":{"rendered":"Pr\u00e9servatifs picots Non Stop X12"},"content":{"rendered":"","protected":false},"excerpt":{"rendered":"<p>Pr\u00e9servatifs picots Non Stop X12 de Control<\/p>\n<p>Ces pr\u00e9servatifs ont la particularit\u00e9 d&rsquo;offrir un effet retardant qui prolonge le plaisir pendant les rapports sexuels.<\/p>\n<p>De plus, ils sont pourvus de picots pour plus de sensation.<\/p>\n<p>Ils contiennent de la benzoca\u00efne dans leur r\u00e9servoir, un anesth\u00e9sique local qui d\u00e9sensibilise le gland.<\/p>\n<p>Fabriqu\u00e9s en Espagne<\/p>\n<p>Ils respectent la norme CE.<\/p>\n<p>&nbsp;<\/p>","protected":false},"featured_media":7816,"template":"","meta":[],"product_brand":[],"product_cat":[49,81,82],"product_tag":[],"class_list":{"0":"post-4708","1":"product","2":"type-product","3":"status-publish","4":"has-post-thumbnail","6":"product_cat-bien-etre","7":"product_cat-hygiene","8":"product_cat-preservatifs","11":"instock","12":"taxable","13":"shipping-taxable","14":"purchasable","15":"product-type-simple","16":"product-grid-view"},"_links":{"self":[{"href":"https:\/\/www.tahitiplaisirs.com\/en\/wp-json\/wp\/v2\/product\/4708","targetHints":{"allow":["GET"]}}],"collection":[{"href":"https:\/\/www.tahitiplaisirs.com\/en\/wp-json\/wp\/v2\/product"}],"about":[{"href":"https:\/\/www.tahitiplaisirs.com\/en\/wp-json\/wp\/v2\/types\/product"}],"version-history":[{"count":4,"href":"https:\/\/www.tahitiplaisirs.com\/en\/wp-json\/wp\/v2\/product\/4708\/revisions"}],"predecessor-version":[{"id":10511,"href":"https:\/\/www.tahitiplaisirs.com\/en\/wp-json\/wp\/v2\/product\/4708\/revisions\/10511"}],"wp:featuredmedia":[{"embeddable":true,"href":"https:\/\/www.tahitiplaisirs.com\/en\/wp-json\/wp\/v2\/media\/7816"}],"wp:attachment":[{"href":"https:\/\/www.tahitiplaisirs.com\/en\/wp-json\/wp\/v2\/media?parent=4708"}],"wp:term":[{"taxonomy":"product_brand","embeddable":true,"href":"https:\/\/www.tahitiplaisirs.com\/en\/wp-json\/wp\/v2\/product_brand?post=4708"},{"taxonomy":"product_cat","embeddable":true,"href":"https:\/\/www.tahitiplaisirs.com\/en\/wp-json\/wp\/v2\/product_cat?post=4708"},{"taxonomy":"product_tag","embeddable":true,"href":"https:\/\/www.tahitiplaisirs.com\/en\/wp-json\/wp\/v2\/product_tag?post=4708"}],"curies":[{"name":"wp","href":"https:\/\/api.w.org\/{rel}","templated":true}]}}