{"id":4709,"date":"2025-08-15T16:12:35","date_gmt":"2025-08-16T02:12:35","guid":{"rendered":"https:\/\/www.tahitiplaisirs.com\/?post_type=product&#038;p=4709"},"modified":"2026-03-21T14:13:22","modified_gmt":"2026-03-22T00:13:22","slug":"top-bust-60ml","status":"publish","type":"product","link":"https:\/\/www.tahitiplaisirs.com\/en\/product\/top-bust-60ml\/","title":{"rendered":"Top Bust 60ml"},"content":{"rendered":"","protected":false},"excerpt":{"rendered":"<p>Top Bust 60ml de\u00a0Labophyto<\/p>\n<p>Ce gel permet d&rsquo;obtenir des seins plus fermes.<\/p>\n<p>Appliquer une noix de gel sur la poitrine et masser en faisant des mouvements circulaires jusqu&rsquo;\u00e0 compl\u00e8te absorption.<\/p>\n<p>Le gel peut \u00eatre appliqu\u00e9 jusqu&rsquo;\u00e0 3 fois par jour.<\/p>","protected":false},"featured_media":7814,"template":"","meta":[],"product_brand":[],"product_cat":[49,63],"product_tag":[],"class_list":{"0":"post-4709","1":"product","2":"type-product","3":"status-publish","4":"has-post-thumbnail","6":"product_cat-bien-etre","7":"product_cat-pour-elle","10":"instock","11":"taxable","12":"shipping-taxable","13":"purchasable","14":"product-type-simple","15":"product-grid-view"},"_links":{"self":[{"href":"https:\/\/www.tahitiplaisirs.com\/en\/wp-json\/wp\/v2\/product\/4709","targetHints":{"allow":["GET"]}}],"collection":[{"href":"https:\/\/www.tahitiplaisirs.com\/en\/wp-json\/wp\/v2\/product"}],"about":[{"href":"https:\/\/www.tahitiplaisirs.com\/en\/wp-json\/wp\/v2\/types\/product"}],"version-history":[{"count":1,"href":"https:\/\/www.tahitiplaisirs.com\/en\/wp-json\/wp\/v2\/product\/4709\/revisions"}],"predecessor-version":[{"id":4739,"href":"https:\/\/www.tahitiplaisirs.com\/en\/wp-json\/wp\/v2\/product\/4709\/revisions\/4739"}],"wp:featuredmedia":[{"embeddable":true,"href":"https:\/\/www.tahitiplaisirs.com\/en\/wp-json\/wp\/v2\/media\/7814"}],"wp:attachment":[{"href":"https:\/\/www.tahitiplaisirs.com\/en\/wp-json\/wp\/v2\/media?parent=4709"}],"wp:term":[{"taxonomy":"product_brand","embeddable":true,"href":"https:\/\/www.tahitiplaisirs.com\/en\/wp-json\/wp\/v2\/product_brand?post=4709"},{"taxonomy":"product_cat","embeddable":true,"href":"https:\/\/www.tahitiplaisirs.com\/en\/wp-json\/wp\/v2\/product_cat?post=4709"},{"taxonomy":"product_tag","embeddable":true,"href":"https:\/\/www.tahitiplaisirs.com\/en\/wp-json\/wp\/v2\/product_tag?post=4709"}],"curies":[{"name":"wp","href":"https:\/\/api.w.org\/{rel}","templated":true}]}}