{"id":4710,"date":"2025-08-15T16:12:35","date_gmt":"2025-08-16T02:12:35","guid":{"rendered":"https:\/\/www.tahitiplaisirs.com\/?post_type=product&#038;p=4710"},"modified":"2026-03-21T14:13:21","modified_gmt":"2026-03-22T00:13:21","slug":"big-dick-energy-nectar","status":"publish","type":"product","link":"https:\/\/www.tahitiplaisirs.com\/en\/product\/big-dick-energy-nectar\/","title":{"rendered":"Big Dick Energy Nectar"},"content":{"rendered":"","protected":false},"excerpt":{"rendered":"<p>Big Dick Energy Nectar de SOS DISTRIBUTION \/ BDE Distributors<\/p>\n<p>Augmentez \u00e0 la fois votre plaisir et vos performances pendant l&rsquo;acte sexuel avec la formule nectar !<\/p>\n<p>Avec BDE vous serez pr\u00eat \u00e0 faire le travail \u00e0 chaque fois vous en avez besoin !<\/p>\n<p>Prendre un sachet avec de l&rsquo;eau 30 \u00e0 45 minutes avant l&rsquo;activit\u00e9 sexuelle. Les effets sont activ\u00e9s lors de la stimulation.<\/p>\n<p>Ne pas d\u00e9passer un sachet toutes les 24 heures.<\/p>\n<p>NB : Nous ne sommes pas les fabricants de ces aphrodisiaques. Chaque activateur \u00e0 base de plantes a des effets diff\u00e9rents pour diff\u00e9rentes personnes en fonction des habitudes de travail, du type et de la taille du corps, de l&rsquo;\u00e2ge, des activit\u00e9s quotidiennes, du mode de vie et m\u00eame de la nourriture ! Nous vous recommandons de commencer avec un \u00e9chantillon si vous ne les connaissez pas ou si vous ne les avez pas essay\u00e9es auparavant. C&rsquo;est pourquoi il existe diff\u00e9rents types d&rsquo;aphrodisiaques sur le march\u00e9.<\/p>","protected":false},"featured_media":7806,"template":"","meta":[],"product_brand":[],"product_cat":[51,55],"product_tag":[],"class_list":{"0":"post-4710","1":"product","2":"type-product","3":"status-publish","4":"has-post-thumbnail","6":"product_cat-pour-lui","7":"product_cat-stimulants-hommes","10":"instock","11":"taxable","12":"shipping-taxable","13":"purchasable","14":"product-type-simple","15":"product-grid-view"},"_links":{"self":[{"href":"https:\/\/www.tahitiplaisirs.com\/en\/wp-json\/wp\/v2\/product\/4710","targetHints":{"allow":["GET"]}}],"collection":[{"href":"https:\/\/www.tahitiplaisirs.com\/en\/wp-json\/wp\/v2\/product"}],"about":[{"href":"https:\/\/www.tahitiplaisirs.com\/en\/wp-json\/wp\/v2\/types\/product"}],"version-history":[{"count":2,"href":"https:\/\/www.tahitiplaisirs.com\/en\/wp-json\/wp\/v2\/product\/4710\/revisions"}],"predecessor-version":[{"id":9442,"href":"https:\/\/www.tahitiplaisirs.com\/en\/wp-json\/wp\/v2\/product\/4710\/revisions\/9442"}],"wp:featuredmedia":[{"embeddable":true,"href":"https:\/\/www.tahitiplaisirs.com\/en\/wp-json\/wp\/v2\/media\/7806"}],"wp:attachment":[{"href":"https:\/\/www.tahitiplaisirs.com\/en\/wp-json\/wp\/v2\/media?parent=4710"}],"wp:term":[{"taxonomy":"product_brand","embeddable":true,"href":"https:\/\/www.tahitiplaisirs.com\/en\/wp-json\/wp\/v2\/product_brand?post=4710"},{"taxonomy":"product_cat","embeddable":true,"href":"https:\/\/www.tahitiplaisirs.com\/en\/wp-json\/wp\/v2\/product_cat?post=4710"},{"taxonomy":"product_tag","embeddable":true,"href":"https:\/\/www.tahitiplaisirs.com\/en\/wp-json\/wp\/v2\/product_tag?post=4710"}],"curies":[{"name":"wp","href":"https:\/\/api.w.org\/{rel}","templated":true}]}}