{"id":4714,"date":"2025-08-15T16:12:35","date_gmt":"2025-08-16T02:12:35","guid":{"rendered":"https:\/\/www.tahitiplaisirs.com\/?post_type=product&#038;p=4714"},"modified":"2026-03-21T14:13:15","modified_gmt":"2026-03-22T00:13:15","slug":"pjur-analyse-me-eau-hyaluron","status":"publish","type":"product","link":"https:\/\/www.tahitiplaisirs.com\/en\/product\/pjur-analyse-me-eau-hyaluron\/","title":{"rendered":"Pjur Analyse me! eau &#038; hyaluron"},"content":{"rendered":"","protected":false},"excerpt":{"rendered":"<p>Gel anal Analyse me! eau et hyaluron 100 ml de Pjur<\/p>\n<p>Le lubrifiant Analyse Me! est un lubrifiant longue dur\u00e9e \u00e0 base d&rsquo;eau et enrichi \u00e0 l&rsquo;hyaluron.<\/p>\n<p>Le hyaluron poss\u00e8de la capacit\u00e9 de lier une grande quantit\u00e9 d&rsquo;eau et forme ainsi des coussins aqueux qui renforcent le pouvoir lubrifiant du produit lors des rapports, sans coller.<\/p>\n<p>Sa formule \u00e0 forte viscosit\u00e9 hydrate la peau et prot\u00e8ge efficacement contre les \u00e9chauffements.<\/p>","protected":false},"featured_media":7671,"template":"","meta":[],"product_brand":[89],"product_cat":[49,50],"product_tag":[],"class_list":{"0":"post-4714","1":"product","2":"type-product","3":"status-publish","4":"has-post-thumbnail","6":"product_brand-pjur","7":"product_cat-bien-etre","8":"product_cat-lubrifiants","11":"instock","12":"taxable","13":"shipping-taxable","14":"purchasable","15":"product-type-simple","16":"product-grid-view"},"_links":{"self":[{"href":"https:\/\/www.tahitiplaisirs.com\/en\/wp-json\/wp\/v2\/product\/4714","targetHints":{"allow":["GET"]}}],"collection":[{"href":"https:\/\/www.tahitiplaisirs.com\/en\/wp-json\/wp\/v2\/product"}],"about":[{"href":"https:\/\/www.tahitiplaisirs.com\/en\/wp-json\/wp\/v2\/types\/product"}],"version-history":[{"count":1,"href":"https:\/\/www.tahitiplaisirs.com\/en\/wp-json\/wp\/v2\/product\/4714\/revisions"}],"predecessor-version":[{"id":4744,"href":"https:\/\/www.tahitiplaisirs.com\/en\/wp-json\/wp\/v2\/product\/4714\/revisions\/4744"}],"wp:featuredmedia":[{"embeddable":true,"href":"https:\/\/www.tahitiplaisirs.com\/en\/wp-json\/wp\/v2\/media\/7671"}],"wp:attachment":[{"href":"https:\/\/www.tahitiplaisirs.com\/en\/wp-json\/wp\/v2\/media?parent=4714"}],"wp:term":[{"taxonomy":"product_brand","embeddable":true,"href":"https:\/\/www.tahitiplaisirs.com\/en\/wp-json\/wp\/v2\/product_brand?post=4714"},{"taxonomy":"product_cat","embeddable":true,"href":"https:\/\/www.tahitiplaisirs.com\/en\/wp-json\/wp\/v2\/product_cat?post=4714"},{"taxonomy":"product_tag","embeddable":true,"href":"https:\/\/www.tahitiplaisirs.com\/en\/wp-json\/wp\/v2\/product_tag?post=4714"}],"curies":[{"name":"wp","href":"https:\/\/api.w.org\/{rel}","templated":true}]}}