{"id":4755,"date":"2025-08-15T16:12:38","date_gmt":"2025-08-16T02:12:38","guid":{"rendered":"https:\/\/www.tahitiplaisirs.com\/?post_type=product&#038;p=4755"},"modified":"2026-03-26T14:50:03","modified_gmt":"2026-03-27T00:50:03","slug":"mini-robe-bleu-fluo-kl-s-l","status":"publish","type":"product","link":"https:\/\/www.tahitiplaisirs.com\/en\/product\/mini-robe-bleu-fluo-kl-s-l\/","title":{"rendered":"Mini robe bleu fluo KL S-L"},"content":{"rendered":"","protected":false},"excerpt":{"rendered":"<p>Mini robe bleu fluo de Killer Legs<\/p>\n<p>r\u00e9f 818JT471_NBL<\/p>\n<p>Mini robe couleur bleu fluo avec ses manches longues clout\u00e9es amovibles qui se croisent \u00e9l\u00e9gamment sur le cou pour plus d&rsquo;\u00e9l\u00e9gance et de maintien.<\/p>\n<p>Cette mini robe dos nu allie un tissu transparent \u00e0 des d\u00e9coupes sophistiqu\u00e9es, ce qui en fait une pi\u00e8ce incontournable en toute occasion.<\/p>","protected":false},"featured_media":8816,"template":"","meta":[],"product_brand":[136],"product_cat":[73,74,63],"product_tag":[],"class_list":{"0":"post-4755","1":"product","2":"type-product","3":"status-publish","4":"has-post-thumbnail","6":"product_brand-killer-legs","7":"product_cat-lingerie-sexy","8":"product_cat-nuisettes-bodys-et-set","9":"product_cat-pour-elle","12":"instock","13":"taxable","14":"shipping-taxable","15":"purchasable","16":"product-type-simple","17":"product-grid-view"},"_links":{"self":[{"href":"https:\/\/www.tahitiplaisirs.com\/en\/wp-json\/wp\/v2\/product\/4755","targetHints":{"allow":["GET"]}}],"collection":[{"href":"https:\/\/www.tahitiplaisirs.com\/en\/wp-json\/wp\/v2\/product"}],"about":[{"href":"https:\/\/www.tahitiplaisirs.com\/en\/wp-json\/wp\/v2\/types\/product"}],"version-history":[{"count":4,"href":"https:\/\/www.tahitiplaisirs.com\/en\/wp-json\/wp\/v2\/product\/4755\/revisions"}],"predecessor-version":[{"id":8841,"href":"https:\/\/www.tahitiplaisirs.com\/en\/wp-json\/wp\/v2\/product\/4755\/revisions\/8841"}],"wp:featuredmedia":[{"embeddable":true,"href":"https:\/\/www.tahitiplaisirs.com\/en\/wp-json\/wp\/v2\/media\/8816"}],"wp:attachment":[{"href":"https:\/\/www.tahitiplaisirs.com\/en\/wp-json\/wp\/v2\/media?parent=4755"}],"wp:term":[{"taxonomy":"product_brand","embeddable":true,"href":"https:\/\/www.tahitiplaisirs.com\/en\/wp-json\/wp\/v2\/product_brand?post=4755"},{"taxonomy":"product_cat","embeddable":true,"href":"https:\/\/www.tahitiplaisirs.com\/en\/wp-json\/wp\/v2\/product_cat?post=4755"},{"taxonomy":"product_tag","embeddable":true,"href":"https:\/\/www.tahitiplaisirs.com\/en\/wp-json\/wp\/v2\/product_tag?post=4755"}],"curies":[{"name":"wp","href":"https:\/\/api.w.org\/{rel}","templated":true}]}}