{"id":4758,"date":"2025-08-15T16:12:39","date_gmt":"2025-08-16T02:12:39","guid":{"rendered":"https:\/\/www.tahitiplaisirs.com\/?post_type=product&#038;p=4758"},"modified":"2026-03-21T14:13:09","modified_gmt":"2026-03-22T00:13:09","slug":"anneau-stimulant-stay-hard-n02","status":"publish","type":"product","link":"https:\/\/www.tahitiplaisirs.com\/en\/product\/anneau-stimulant-stay-hard-n02\/","title":{"rendered":"Anneau Stay Hard n\u00b002"},"content":{"rendered":"","protected":false},"excerpt":{"rendered":"<p>Cockring stimulant n\u00b002 de Blush &#8211; Stay Hard<\/p>\n<p>Ce cockring a la particularit\u00e9 d&rsquo;avoir un double usage, il permet de maintenir et de renforcer l\u2019\u00e9rection de l&rsquo;homme et de stimuler les parois du vagin pendant la p\u00e9n\u00e9tration.<\/p>\n<p>D&rsquo;une longueur de 5cm et de 3cm de diam\u00e8tre (extensible)<\/p>\n<p>L&rsquo;utilisation d&rsquo;un lubrifiant \u00e0 base d\u2019eau est conseill\u00e9e pour un meilleur confort<\/p>\n<p>Article non toxique, ne contient pas de phtalates<\/p>\n<p>Composition : TPE<\/p>","protected":false},"featured_media":7812,"template":"","meta":[],"product_brand":[126],"product_cat":[68,47],"product_tag":[],"class_list":{"0":"post-4758","1":"product","2":"type-product","3":"status-publish","4":"has-post-thumbnail","6":"product_brand-blush","7":"product_cat-anneaux","8":"product_cat-sextoys","11":"instock","12":"taxable","13":"shipping-taxable","14":"purchasable","15":"product-type-simple","16":"product-grid-view"},"_links":{"self":[{"href":"https:\/\/www.tahitiplaisirs.com\/en\/wp-json\/wp\/v2\/product\/4758","targetHints":{"allow":["GET"]}}],"collection":[{"href":"https:\/\/www.tahitiplaisirs.com\/en\/wp-json\/wp\/v2\/product"}],"about":[{"href":"https:\/\/www.tahitiplaisirs.com\/en\/wp-json\/wp\/v2\/types\/product"}],"version-history":[{"count":2,"href":"https:\/\/www.tahitiplaisirs.com\/en\/wp-json\/wp\/v2\/product\/4758\/revisions"}],"predecessor-version":[{"id":7825,"href":"https:\/\/www.tahitiplaisirs.com\/en\/wp-json\/wp\/v2\/product\/4758\/revisions\/7825"}],"wp:featuredmedia":[{"embeddable":true,"href":"https:\/\/www.tahitiplaisirs.com\/en\/wp-json\/wp\/v2\/media\/7812"}],"wp:attachment":[{"href":"https:\/\/www.tahitiplaisirs.com\/en\/wp-json\/wp\/v2\/media?parent=4758"}],"wp:term":[{"taxonomy":"product_brand","embeddable":true,"href":"https:\/\/www.tahitiplaisirs.com\/en\/wp-json\/wp\/v2\/product_brand?post=4758"},{"taxonomy":"product_cat","embeddable":true,"href":"https:\/\/www.tahitiplaisirs.com\/en\/wp-json\/wp\/v2\/product_cat?post=4758"},{"taxonomy":"product_tag","embeddable":true,"href":"https:\/\/www.tahitiplaisirs.com\/en\/wp-json\/wp\/v2\/product_tag?post=4758"}],"curies":[{"name":"wp","href":"https:\/\/api.w.org\/{rel}","templated":true}]}}