{"id":4765,"date":"2025-08-15T16:12:39","date_gmt":"2025-08-16T02:12:39","guid":{"rendered":"https:\/\/www.tahitiplaisirs.com\/?post_type=product&#038;p=4765"},"modified":"2026-03-21T14:13:17","modified_gmt":"2026-03-22T00:13:17","slug":"poire-de-lavement-buld","status":"publish","type":"product","link":"https:\/\/www.tahitiplaisirs.com\/en\/product\/poire-de-lavement-buld\/","title":{"rendered":"Poire de lavement Buld"},"content":{"rendered":"","protected":false},"excerpt":{"rendered":"<p>Poire de lavement Buld de Latetobed<\/p>\n<p>Cette poire est un accessoire con\u00e7u pour le nettoyage intime.<\/p>\n<p>L&#8217;embout mesure 6cm pour un diam\u00e8tre de \u00d8 0.6cm et son r\u00e9servoir est en silicone.<\/p>\n<p>Dimensions : 14 x 6cm<\/p>","protected":false},"featured_media":7821,"template":"","meta":[],"product_brand":[],"product_cat":[49,81,83,47],"product_tag":[],"class_list":{"0":"post-4765","1":"product","2":"type-product","3":"status-publish","4":"has-post-thumbnail","6":"product_cat-bien-etre","7":"product_cat-hygiene","8":"product_cat-lavement","9":"product_cat-sextoys","12":"instock","13":"taxable","14":"shipping-taxable","15":"purchasable","16":"product-type-simple","17":"product-grid-view"},"_links":{"self":[{"href":"https:\/\/www.tahitiplaisirs.com\/en\/wp-json\/wp\/v2\/product\/4765","targetHints":{"allow":["GET"]}}],"collection":[{"href":"https:\/\/www.tahitiplaisirs.com\/en\/wp-json\/wp\/v2\/product"}],"about":[{"href":"https:\/\/www.tahitiplaisirs.com\/en\/wp-json\/wp\/v2\/types\/product"}],"version-history":[{"count":1,"href":"https:\/\/www.tahitiplaisirs.com\/en\/wp-json\/wp\/v2\/product\/4765\/revisions"}],"predecessor-version":[{"id":4795,"href":"https:\/\/www.tahitiplaisirs.com\/en\/wp-json\/wp\/v2\/product\/4765\/revisions\/4795"}],"wp:featuredmedia":[{"embeddable":true,"href":"https:\/\/www.tahitiplaisirs.com\/en\/wp-json\/wp\/v2\/media\/7821"}],"wp:attachment":[{"href":"https:\/\/www.tahitiplaisirs.com\/en\/wp-json\/wp\/v2\/media?parent=4765"}],"wp:term":[{"taxonomy":"product_brand","embeddable":true,"href":"https:\/\/www.tahitiplaisirs.com\/en\/wp-json\/wp\/v2\/product_brand?post=4765"},{"taxonomy":"product_cat","embeddable":true,"href":"https:\/\/www.tahitiplaisirs.com\/en\/wp-json\/wp\/v2\/product_cat?post=4765"},{"taxonomy":"product_tag","embeddable":true,"href":"https:\/\/www.tahitiplaisirs.com\/en\/wp-json\/wp\/v2\/product_tag?post=4765"}],"curies":[{"name":"wp","href":"https:\/\/api.w.org\/{rel}","templated":true}]}}