{"id":4767,"date":"2025-08-15T16:12:39","date_gmt":"2025-08-16T02:12:39","guid":{"rendered":"https:\/\/www.tahitiplaisirs.com\/?post_type=product&#038;p=4767"},"modified":"2026-04-09T16:20:03","modified_gmt":"2026-04-10T02:20:03","slug":"joint-precision-pump-blanc-o-75mm","status":"publish","type":"product","link":"https:\/\/www.tahitiplaisirs.com\/en\/product\/joint-precision-pump-blanc-o-75mm\/","title":{"rendered":"Joint Precision Pump blanc \u00d8 75mm"},"content":{"rendered":"","protected":false},"excerpt":{"rendered":"<p>Joint pour pompe de \u00d8 7,5 cm de Calexotics<\/p>\n<p>Ce joint s&rsquo;ajuste \u00e0 toutes les pompes \u00e0 p\u00e9nis mesurant jusqu&rsquo;\u00e0 7,5 cm de diam\u00e8tre.<\/p>\n<p>Il est fabriqu\u00e9 en silicone, garanti sans phtalates, il respecte votre corps et ses zones sensibles.<\/p>\n<p>Tr\u00e8s confortable, il enveloppe le p\u00e9nis avec douceur et fermet\u00e9 et son int\u00e9rieur nervur\u00e9 a \u00e9t\u00e9 con\u00e7u pour procurer un maximum de plaisir !<\/p>","protected":false},"featured_media":11123,"template":"","meta":[],"product_brand":[],"product_cat":[52,51],"product_tag":[],"class_list":{"0":"post-4767","1":"product","2":"type-product","3":"status-publish","4":"has-post-thumbnail","6":"product_cat-developpement-du-penis","7":"product_cat-pour-lui","10":"instock","11":"taxable","12":"shipping-taxable","13":"purchasable","14":"product-type-simple","15":"product-grid-view"},"_links":{"self":[{"href":"https:\/\/www.tahitiplaisirs.com\/en\/wp-json\/wp\/v2\/product\/4767","targetHints":{"allow":["GET"]}}],"collection":[{"href":"https:\/\/www.tahitiplaisirs.com\/en\/wp-json\/wp\/v2\/product"}],"about":[{"href":"https:\/\/www.tahitiplaisirs.com\/en\/wp-json\/wp\/v2\/types\/product"}],"version-history":[{"count":3,"href":"https:\/\/www.tahitiplaisirs.com\/en\/wp-json\/wp\/v2\/product\/4767\/revisions"}],"predecessor-version":[{"id":11126,"href":"https:\/\/www.tahitiplaisirs.com\/en\/wp-json\/wp\/v2\/product\/4767\/revisions\/11126"}],"wp:featuredmedia":[{"embeddable":true,"href":"https:\/\/www.tahitiplaisirs.com\/en\/wp-json\/wp\/v2\/media\/11123"}],"wp:attachment":[{"href":"https:\/\/www.tahitiplaisirs.com\/en\/wp-json\/wp\/v2\/media?parent=4767"}],"wp:term":[{"taxonomy":"product_brand","embeddable":true,"href":"https:\/\/www.tahitiplaisirs.com\/en\/wp-json\/wp\/v2\/product_brand?post=4767"},{"taxonomy":"product_cat","embeddable":true,"href":"https:\/\/www.tahitiplaisirs.com\/en\/wp-json\/wp\/v2\/product_cat?post=4767"},{"taxonomy":"product_tag","embeddable":true,"href":"https:\/\/www.tahitiplaisirs.com\/en\/wp-json\/wp\/v2\/product_tag?post=4767"}],"curies":[{"name":"wp","href":"https:\/\/api.w.org\/{rel}","templated":true}]}}