{"id":4768,"date":"2025-08-15T16:12:39","date_gmt":"2025-08-16T02:12:39","guid":{"rendered":"https:\/\/www.tahitiplaisirs.com\/?post_type=product&#038;p=4768"},"modified":"2026-03-21T14:13:13","modified_gmt":"2026-03-22T00:13:13","slug":"gode-dr-skin-cock-star-chair-85","status":"publish","type":"product","link":"https:\/\/www.tahitiplaisirs.com\/en\/product\/gode-dr-skin-cock-star-chair-85\/","title":{"rendered":"Gode Cock Star chair 8,5&Prime;"},"content":{"rendered":"","protected":false},"excerpt":{"rendered":"<p>Gode Cock Star 8,5&Prime; chair de Dr Skin<\/p>\n<p>Ce gode r\u00e9aliste de couleur chair Cock Star a une surface vein\u00e9e et une forme l\u00e9g\u00e8rement courb\u00e9e.<\/p>\n<p>La longueur ins\u00e9rable est de 20cm et sa largeur va de 3 \u00e0 4cm.<\/p>\n<p>En mati\u00e8re souple PVC<\/p>","protected":false},"featured_media":6721,"template":"","meta":[],"product_brand":[88],"product_cat":[53,47],"product_tag":[],"class_list":{"0":"post-4768","1":"product","2":"type-product","3":"status-publish","4":"has-post-thumbnail","6":"product_brand-dr-skin","7":"product_cat-godemichets","8":"product_cat-sextoys","11":"instock","12":"taxable","13":"shipping-taxable","14":"purchasable","15":"product-type-simple","16":"product-grid-view"},"_links":{"self":[{"href":"https:\/\/www.tahitiplaisirs.com\/en\/wp-json\/wp\/v2\/product\/4768","targetHints":{"allow":["GET"]}}],"collection":[{"href":"https:\/\/www.tahitiplaisirs.com\/en\/wp-json\/wp\/v2\/product"}],"about":[{"href":"https:\/\/www.tahitiplaisirs.com\/en\/wp-json\/wp\/v2\/types\/product"}],"version-history":[{"count":2,"href":"https:\/\/www.tahitiplaisirs.com\/en\/wp-json\/wp\/v2\/product\/4768\/revisions"}],"predecessor-version":[{"id":6715,"href":"https:\/\/www.tahitiplaisirs.com\/en\/wp-json\/wp\/v2\/product\/4768\/revisions\/6715"}],"wp:featuredmedia":[{"embeddable":true,"href":"https:\/\/www.tahitiplaisirs.com\/en\/wp-json\/wp\/v2\/media\/6721"}],"wp:attachment":[{"href":"https:\/\/www.tahitiplaisirs.com\/en\/wp-json\/wp\/v2\/media?parent=4768"}],"wp:term":[{"taxonomy":"product_brand","embeddable":true,"href":"https:\/\/www.tahitiplaisirs.com\/en\/wp-json\/wp\/v2\/product_brand?post=4768"},{"taxonomy":"product_cat","embeddable":true,"href":"https:\/\/www.tahitiplaisirs.com\/en\/wp-json\/wp\/v2\/product_cat?post=4768"},{"taxonomy":"product_tag","embeddable":true,"href":"https:\/\/www.tahitiplaisirs.com\/en\/wp-json\/wp\/v2\/product_tag?post=4768"}],"curies":[{"name":"wp","href":"https:\/\/api.w.org\/{rel}","templated":true}]}}