{"id":4771,"date":"2025-08-15T16:12:39","date_gmt":"2025-08-16T02:12:39","guid":{"rendered":"https:\/\/www.tahitiplaisirs.com\/?post_type=product&#038;p=4771"},"modified":"2026-03-21T14:13:12","modified_gmt":"2026-03-22T00:13:12","slug":"universal-launch","status":"publish","type":"product","link":"https:\/\/www.tahitiplaisirs.com\/en\/product\/universal-launch\/","title":{"rendered":"Universal Launch"},"content":{"rendered":"","protected":false},"excerpt":{"rendered":"<p>Universal Launch de Fleshlight<\/p>\n<p><strong><span style=\"color: #ff0000;\">ATTENTION : VENDU SANS MASTURBATEUR<\/span><\/strong><\/p>\n<p>Ce kit automatique a \u00e9t\u00e9 con\u00e7u pour \u00eatre compatible avec la plupart des masturbateurs de la marque Fleshlight et d&rsquo;autres mod\u00e8les.<\/p>\n<p>Il offre un contr\u00f4le total sur la longueur, l&#8217;emplacement et la vitesse des caresses.<\/p>\n<p>Son syst\u00e8me de commandes tactiles innovant permet de prendre place confortablement et de se laisser emporter par l&rsquo;exp\u00e9rience automatis\u00e9e Fleshlight\u2122.<\/p>\n<p>Il suffit d&rsquo;attacher un masturbateur Fleshlight compatible \u00e0 l&rsquo;aide de la sangle fournie puis de l&rsquo;ins\u00e9rer dans l&rsquo;ouverture circulaire et de r\u00e9gler la fixation \u00e0 l&rsquo;aide de la languette de gauche.<\/p>\n<p>Une fois bien install\u00e9, choisir parmi 4 longueurs de course et 4 vitesses de va-et-vient, allant jusqu&rsquo;\u00e0 250 passages par minute.<\/p>\n<p>Pour une exp\u00e9rience plus cibl\u00e9e, il est possible de r\u00e9duire la longueur des passages et choisir parmi les 3 positions : Base, Verge ou Gland.<\/p>\n<p>La fixation universelle pour smartphone sur le dessus permet de regarder des vid\u00e9os tout en gardant les mains sur les commandes.<\/p>\n<p>Avec une autonomie d&rsquo;1h00 une fois pleinement charg\u00e9 ou utilisable branch\u00e9 sur le secteur avec le mode Fleshlight Active Launch\u2122.<\/p>\n<p>Le kit comprend un support universel pour smartphone, un c\u00e2ble d&rsquo;alimentation, un guide de d\u00e9marrage rapide et un manuel d&rsquo;utilisation pour une utilisation en toute simplicit\u00e9.<\/p>","protected":false},"featured_media":7808,"template":"","meta":[],"product_brand":[],"product_cat":[78,51,47],"product_tag":[],"class_list":{"0":"post-4771","1":"product","2":"type-product","3":"status-publish","4":"has-post-thumbnail","6":"product_cat-masturbateurs","7":"product_cat-pour-lui","8":"product_cat-sextoys","11":"instock","12":"taxable","13":"shipping-taxable","14":"purchasable","15":"product-type-simple","16":"product-grid-view"},"_links":{"self":[{"href":"https:\/\/www.tahitiplaisirs.com\/en\/wp-json\/wp\/v2\/product\/4771","targetHints":{"allow":["GET"]}}],"collection":[{"href":"https:\/\/www.tahitiplaisirs.com\/en\/wp-json\/wp\/v2\/product"}],"about":[{"href":"https:\/\/www.tahitiplaisirs.com\/en\/wp-json\/wp\/v2\/types\/product"}],"version-history":[{"count":1,"href":"https:\/\/www.tahitiplaisirs.com\/en\/wp-json\/wp\/v2\/product\/4771\/revisions"}],"predecessor-version":[{"id":4801,"href":"https:\/\/www.tahitiplaisirs.com\/en\/wp-json\/wp\/v2\/product\/4771\/revisions\/4801"}],"wp:featuredmedia":[{"embeddable":true,"href":"https:\/\/www.tahitiplaisirs.com\/en\/wp-json\/wp\/v2\/media\/7808"}],"wp:attachment":[{"href":"https:\/\/www.tahitiplaisirs.com\/en\/wp-json\/wp\/v2\/media?parent=4771"}],"wp:term":[{"taxonomy":"product_brand","embeddable":true,"href":"https:\/\/www.tahitiplaisirs.com\/en\/wp-json\/wp\/v2\/product_brand?post=4771"},{"taxonomy":"product_cat","embeddable":true,"href":"https:\/\/www.tahitiplaisirs.com\/en\/wp-json\/wp\/v2\/product_cat?post=4771"},{"taxonomy":"product_tag","embeddable":true,"href":"https:\/\/www.tahitiplaisirs.com\/en\/wp-json\/wp\/v2\/product_tag?post=4771"}],"curies":[{"name":"wp","href":"https:\/\/api.w.org\/{rel}","templated":true}]}}