{"id":4812,"date":"2025-08-15T16:12:43","date_gmt":"2025-08-16T02:12:43","guid":{"rendered":"https:\/\/www.tahitiplaisirs.com\/?post_type=product&#038;p=4812"},"modified":"2026-03-27T11:02:17","modified_gmt":"2026-03-27T21:02:17","slug":"ares-parfum-pheromones-pour-homme-50ml","status":"publish","type":"product","link":"https:\/\/www.tahitiplaisirs.com\/en\/product\/ares-parfum-pheromones-pour-homme-50ml\/","title":{"rendered":"Ares parfum ph\u00e9romones pour homme 50ml"},"content":{"rendered":"","protected":false},"excerpt":{"rendered":"<p>Ares parfum ph\u00e9romones pour homme 50ml de Secret Play<\/p>\n<p>Huile de parfum aux ar\u00f4mes bois\u00e9es de mousse de ch\u00eane, une touche d&rsquo;agrumes et poudr\u00e9e.<\/p>\n<p>Produit cosm\u00e9tique \u00e0 usage externe uniquement pour homme.<\/p>\n<p>&nbsp;<\/p>","protected":false},"featured_media":9845,"template":"","meta":[],"product_brand":[91],"product_cat":[49,51],"product_tag":[],"class_list":{"0":"post-4812","1":"product","2":"type-product","3":"status-publish","4":"has-post-thumbnail","6":"product_brand-secret-play","7":"product_cat-bien-etre","8":"product_cat-pour-lui","11":"instock","12":"purchasable","13":"product-type-simple","14":"product-grid-view"},"_links":{"self":[{"href":"https:\/\/www.tahitiplaisirs.com\/en\/wp-json\/wp\/v2\/product\/4812","targetHints":{"allow":["GET"]}}],"collection":[{"href":"https:\/\/www.tahitiplaisirs.com\/en\/wp-json\/wp\/v2\/product"}],"about":[{"href":"https:\/\/www.tahitiplaisirs.com\/en\/wp-json\/wp\/v2\/types\/product"}],"version-history":[{"count":3,"href":"https:\/\/www.tahitiplaisirs.com\/en\/wp-json\/wp\/v2\/product\/4812\/revisions"}],"predecessor-version":[{"id":9851,"href":"https:\/\/www.tahitiplaisirs.com\/en\/wp-json\/wp\/v2\/product\/4812\/revisions\/9851"}],"wp:featuredmedia":[{"embeddable":true,"href":"https:\/\/www.tahitiplaisirs.com\/en\/wp-json\/wp\/v2\/media\/9845"}],"wp:attachment":[{"href":"https:\/\/www.tahitiplaisirs.com\/en\/wp-json\/wp\/v2\/media?parent=4812"}],"wp:term":[{"taxonomy":"product_brand","embeddable":true,"href":"https:\/\/www.tahitiplaisirs.com\/en\/wp-json\/wp\/v2\/product_brand?post=4812"},{"taxonomy":"product_cat","embeddable":true,"href":"https:\/\/www.tahitiplaisirs.com\/en\/wp-json\/wp\/v2\/product_cat?post=4812"},{"taxonomy":"product_tag","embeddable":true,"href":"https:\/\/www.tahitiplaisirs.com\/en\/wp-json\/wp\/v2\/product_tag?post=4812"}],"curies":[{"name":"wp","href":"https:\/\/api.w.org\/{rel}","templated":true}]}}