{"id":4813,"date":"2025-08-15T16:12:43","date_gmt":"2025-08-16T02:12:43","guid":{"rendered":"https:\/\/www.tahitiplaisirs.com\/?post_type=product&#038;p=4813"},"modified":"2026-04-07T12:00:11","modified_gmt":"2026-04-07T22:00:11","slug":"lubrifiant-toko-aroma-framboise","status":"publish","type":"product","link":"https:\/\/www.tahitiplaisirs.com\/en\/product\/lubrifiant-toko-aroma-framboise\/","title":{"rendered":"Lubrifiant Toko Aroma framboise"},"content":{"rendered":"","protected":false},"excerpt":{"rendered":"<p>Lubrifiant saveur framboise de Toko Aroma<\/p>\n<p>Votre espace bien \u00eatre Tahiti Plaisirs vous invite \u00e0 d\u00e9couvrir le lubrifiant saveur framboise.<\/p>\n<p>Ce lubrifiant est fabriqu\u00e9 avec des ingr\u00e9dients de haute qualit\u00e9 respectant l&rsquo;\u00e9quilibre de la peau et des muqueuses.<\/p>\n<p>Ce lubrifiant \u00e0 base d&rsquo;eau surprend par son go\u00fbt aux fruits frais et ne laisse aucun arri\u00e8re-go\u00fbt.<\/p>\n<p>Il est compatible avec le latex, ne tache pas et se nettoie simplement avec de l&rsquo;eau.<\/p>\n<div class=\"tab-content col-sm-9 col-md-9 col-lg-9\">\n<div id=\"product-description-tab-content\" class=\"product-description-tab-content tab-pane active\">\n<div class=\"rte\">\n<p><strong>Mode d\u2019emploi<\/strong><\/p>\n<p>Versez une petite quantit\u00e9 dans le creux de la main et appliquez sur les parties intimes ou un pr\u00e9servatif afin de faciliter la p\u00e9n\u00e9tration.<\/p>\n<p><strong>Caract\u00e9ristiques<\/strong><\/p>\n<p>Marquage CE, Sans parfum, Sans gluten, Sans parab\u00e8nes, Sans sucres,<\/p>\n<p>Compatible avec tous les jouets pour adulte en latex, silicone, v\u00e9g\u00e9talien &#8230;<\/p>\n<p>Comestible,<\/p>\n<p>Utiliser dans les 24 mois apr\u00e8s ouverture<\/p>\n<p>Contenance : 165ml<\/p>\n<\/div>\n<\/div>\n<\/div>","protected":false},"featured_media":10475,"template":"","meta":[],"product_brand":[90],"product_cat":[49,50],"product_tag":[],"class_list":{"0":"post-4813","1":"product","2":"type-product","3":"status-publish","4":"has-post-thumbnail","6":"product_brand-shunga-erotic-art","7":"product_cat-bien-etre","8":"product_cat-lubrifiants","11":"instock","12":"purchasable","13":"product-type-simple","14":"product-grid-view"},"_links":{"self":[{"href":"https:\/\/www.tahitiplaisirs.com\/en\/wp-json\/wp\/v2\/product\/4813","targetHints":{"allow":["GET"]}}],"collection":[{"href":"https:\/\/www.tahitiplaisirs.com\/en\/wp-json\/wp\/v2\/product"}],"about":[{"href":"https:\/\/www.tahitiplaisirs.com\/en\/wp-json\/wp\/v2\/types\/product"}],"version-history":[{"count":3,"href":"https:\/\/www.tahitiplaisirs.com\/en\/wp-json\/wp\/v2\/product\/4813\/revisions"}],"predecessor-version":[{"id":10495,"href":"https:\/\/www.tahitiplaisirs.com\/en\/wp-json\/wp\/v2\/product\/4813\/revisions\/10495"}],"wp:featuredmedia":[{"embeddable":true,"href":"https:\/\/www.tahitiplaisirs.com\/en\/wp-json\/wp\/v2\/media\/10475"}],"wp:attachment":[{"href":"https:\/\/www.tahitiplaisirs.com\/en\/wp-json\/wp\/v2\/media?parent=4813"}],"wp:term":[{"taxonomy":"product_brand","embeddable":true,"href":"https:\/\/www.tahitiplaisirs.com\/en\/wp-json\/wp\/v2\/product_brand?post=4813"},{"taxonomy":"product_cat","embeddable":true,"href":"https:\/\/www.tahitiplaisirs.com\/en\/wp-json\/wp\/v2\/product_cat?post=4813"},{"taxonomy":"product_tag","embeddable":true,"href":"https:\/\/www.tahitiplaisirs.com\/en\/wp-json\/wp\/v2\/product_tag?post=4813"}],"curies":[{"name":"wp","href":"https:\/\/api.w.org\/{rel}","templated":true}]}}