{"id":4816,"date":"2025-08-15T16:12:43","date_gmt":"2025-08-16T02:12:43","guid":{"rendered":"https:\/\/www.tahitiplaisirs.com\/?post_type=product&#038;p=4816"},"modified":"2026-04-10T10:33:13","modified_gmt":"2026-04-10T20:33:13","slug":"huile-aphrodisiaque-senze-seduction-75ml","status":"publish","type":"product","link":"https:\/\/www.tahitiplaisirs.com\/en\/product\/huile-aphrodisiaque-senze-seduction-75ml\/","title":{"rendered":"Huile aphrodisiaque Seduction &#8211; 75ml"},"content":{"rendered":"","protected":false},"excerpt":{"rendered":"<p>Huile aphrodisiaque Seduction de Swede &#8211; Senze<\/p>\n<p>Saveur et parfum : clou de girofle, orange et lavande<\/p>\n<p>Contenance : 75ml<\/p>\n<p>Cette huile de massage de qualit\u00e9 professionnelle 100% v\u00e9g\u00e9talien est un aphrodisiaque \u00e0 base de plantes compos\u00e9 d&rsquo;un fin m\u00e9lange d&rsquo;huiles v\u00e9g\u00e9tales soigneusement parfum\u00e9es avec une s\u00e9lection minutieuse d&rsquo;huiles essentielles pures.<\/p>\n<p>Appliquer l&rsquo;huile sur la peau et masser en longs mouvements. Alternez des caresses douces avec des mouvements plus fermes et une pression plus \u00e9lev\u00e9e en vous assurant que toute tension dans les muscles est rel\u00e2ch\u00e9e.<\/p>\n<p>Conseil d&rsquo;utilisation : versez l&rsquo;huile que vous avez l&rsquo;intention d&rsquo;utiliser dans un petit verre et mettez le dans un bol avec de l&rsquo;eau chaude pendant cinq minutes.<\/p>\n<p>Cela lib\u00e8re certaines des huiles essentielles dans l&rsquo;air, cr\u00e9ant une atmosph\u00e8re merveilleuse avec le parfum que vous avez choisi.<\/p>","protected":false},"featured_media":7648,"template":"","meta":[],"product_brand":[],"product_cat":[49,56],"product_tag":[],"class_list":{"0":"post-4816","1":"product","2":"type-product","3":"status-publish","4":"has-post-thumbnail","6":"product_cat-bien-etre","7":"product_cat-huiles","10":"instock","11":"taxable","12":"shipping-taxable","13":"purchasable","14":"product-type-simple","15":"product-grid-view"},"_links":{"self":[{"href":"https:\/\/www.tahitiplaisirs.com\/en\/wp-json\/wp\/v2\/product\/4816","targetHints":{"allow":["GET"]}}],"collection":[{"href":"https:\/\/www.tahitiplaisirs.com\/en\/wp-json\/wp\/v2\/product"}],"about":[{"href":"https:\/\/www.tahitiplaisirs.com\/en\/wp-json\/wp\/v2\/types\/product"}],"version-history":[{"count":3,"href":"https:\/\/www.tahitiplaisirs.com\/en\/wp-json\/wp\/v2\/product\/4816\/revisions"}],"predecessor-version":[{"id":9511,"href":"https:\/\/www.tahitiplaisirs.com\/en\/wp-json\/wp\/v2\/product\/4816\/revisions\/9511"}],"wp:featuredmedia":[{"embeddable":true,"href":"https:\/\/www.tahitiplaisirs.com\/en\/wp-json\/wp\/v2\/media\/7648"}],"wp:attachment":[{"href":"https:\/\/www.tahitiplaisirs.com\/en\/wp-json\/wp\/v2\/media?parent=4816"}],"wp:term":[{"taxonomy":"product_brand","embeddable":true,"href":"https:\/\/www.tahitiplaisirs.com\/en\/wp-json\/wp\/v2\/product_brand?post=4816"},{"taxonomy":"product_cat","embeddable":true,"href":"https:\/\/www.tahitiplaisirs.com\/en\/wp-json\/wp\/v2\/product_cat?post=4816"},{"taxonomy":"product_tag","embeddable":true,"href":"https:\/\/www.tahitiplaisirs.com\/en\/wp-json\/wp\/v2\/product_tag?post=4816"}],"curies":[{"name":"wp","href":"https:\/\/api.w.org\/{rel}","templated":true}]}}