{"id":4821,"date":"2026-01-27T08:35:43","date_gmt":"2026-01-27T18:35:43","guid":{"rendered":"https:\/\/www.tahitiplaisirs.com\/?post_type=product&#038;p=4821"},"modified":"2026-04-08T11:00:05","modified_gmt":"2026-04-08T21:00:05","slug":"plug-open-roses-plum-star-medium","status":"publish","type":"product","link":"https:\/\/www.tahitiplaisirs.com\/en\/product\/plug-open-roses-plum-star-medium\/","title":{"rendered":"Plug Open Roses Plum Star Medium"},"content":{"rendered":"","protected":false},"excerpt":{"rendered":"<p>Plug Open Roses Medium rose magenta de Love to Love<\/p>\n<p>Open Roses est le plug id\u00e9al pour profiter du plaisir anal avec style !<\/p>\n<p>\u00c0 la fois doux, flexible et ergonomique, il offre une p\u00e9n\u00e9tration tout en douceur et des sensations intenses, tandis que sa base en forme de rose facilite l&rsquo;insertion et le retrait.<\/p>\n<p><b>Caract\u00e9ristiques :<\/b><br \/>\n&#8211; Plug anal pour hommes et femmes<br \/>\n&#8211; Doux et flexible<br \/>\n&#8211; Mati\u00e8re : 100% silicone<br \/>\n&#8211; Dimensions : Medium<br \/>\n&#8211; Longueur ins\u00e9rable 8,5 cm \/ Diam\u00e8tre ins\u00e9rable 3,4 cm<br \/>\n&#8211; Couleur : Plum Star<br \/>\n&#8211; Ne contient pas de phtalate<\/p>","protected":false},"featured_media":10652,"template":"","meta":[],"product_brand":[147],"product_cat":[62,47],"product_tag":[],"class_list":{"0":"post-4821","1":"product","2":"type-product","3":"status-publish","4":"has-post-thumbnail","6":"product_brand-love-to-love","7":"product_cat-plaisir-anal","8":"product_cat-sextoys","11":"instock","12":"taxable","13":"shipping-taxable","14":"purchasable","15":"product-type-simple","16":"product-grid-view"},"_links":{"self":[{"href":"https:\/\/www.tahitiplaisirs.com\/en\/wp-json\/wp\/v2\/product\/4821","targetHints":{"allow":["GET"]}}],"collection":[{"href":"https:\/\/www.tahitiplaisirs.com\/en\/wp-json\/wp\/v2\/product"}],"about":[{"href":"https:\/\/www.tahitiplaisirs.com\/en\/wp-json\/wp\/v2\/types\/product"}],"version-history":[{"count":5,"href":"https:\/\/www.tahitiplaisirs.com\/en\/wp-json\/wp\/v2\/product\/4821\/revisions"}],"predecessor-version":[{"id":10664,"href":"https:\/\/www.tahitiplaisirs.com\/en\/wp-json\/wp\/v2\/product\/4821\/revisions\/10664"}],"wp:featuredmedia":[{"embeddable":true,"href":"https:\/\/www.tahitiplaisirs.com\/en\/wp-json\/wp\/v2\/media\/10652"}],"wp:attachment":[{"href":"https:\/\/www.tahitiplaisirs.com\/en\/wp-json\/wp\/v2\/media?parent=4821"}],"wp:term":[{"taxonomy":"product_brand","embeddable":true,"href":"https:\/\/www.tahitiplaisirs.com\/en\/wp-json\/wp\/v2\/product_brand?post=4821"},{"taxonomy":"product_cat","embeddable":true,"href":"https:\/\/www.tahitiplaisirs.com\/en\/wp-json\/wp\/v2\/product_cat?post=4821"},{"taxonomy":"product_tag","embeddable":true,"href":"https:\/\/www.tahitiplaisirs.com\/en\/wp-json\/wp\/v2\/product_tag?post=4821"}],"curies":[{"name":"wp","href":"https:\/\/api.w.org\/{rel}","templated":true}]}}