{"id":4827,"date":"2025-08-15T16:12:43","date_gmt":"2025-08-16T02:12:43","guid":{"rendered":"https:\/\/www.tahitiplaisirs.com\/?post_type=product&#038;p=4827"},"modified":"2026-03-21T14:12:17","modified_gmt":"2026-03-22T00:12:17","slug":"gaine-sex-sleeve-noir","status":"publish","type":"product","link":"https:\/\/www.tahitiplaisirs.com\/en\/product\/gaine-sex-sleeve-noir\/","title":{"rendered":"Gaine Sex Sleeve noir"},"content":{"rendered":"","protected":false},"excerpt":{"rendered":"<p>Gaine Sex Sleeve noir de Size Matters<\/p>\n<div id=\"descContent\" class=\"fpBlk testSep\" data-cs-override-id=\"Descriptif\">\n<p class=\"fpMb\">Cette gaine ouverte ultra souple avec reliefs donnera un peu plus de volume \u00e0 votre p\u00e9nis mais donnera surtout plus de plaisir \u00e0 votre partenaire !<\/p>\n<p>L\u2019anneau situ\u00e9 \u00e0 sa base se fixe autour de vos bourses et offre non seulement un meilleur maintient de la gaine,<\/p>\n<p>mais \u00e9galement un effet cockring pour une \u00e9rection plus forte et plus longue.<\/p>\n<p>Cette gaine peut \u00e9galement \u00eatre utilis\u00e9e sur un godemichet ou un vibromasseur.<\/p>\n<\/div>","protected":false},"featured_media":7810,"template":"","meta":[],"product_brand":[],"product_cat":[76,47],"product_tag":[],"class_list":{"0":"post-4827","1":"product","2":"type-product","3":"status-publish","4":"has-post-thumbnail","6":"product_cat-gaines","7":"product_cat-sextoys","10":"instock","11":"purchasable","12":"product-type-simple","13":"product-grid-view"},"_links":{"self":[{"href":"https:\/\/www.tahitiplaisirs.com\/en\/wp-json\/wp\/v2\/product\/4827","targetHints":{"allow":["GET"]}}],"collection":[{"href":"https:\/\/www.tahitiplaisirs.com\/en\/wp-json\/wp\/v2\/product"}],"about":[{"href":"https:\/\/www.tahitiplaisirs.com\/en\/wp-json\/wp\/v2\/types\/product"}],"version-history":[{"count":1,"href":"https:\/\/www.tahitiplaisirs.com\/en\/wp-json\/wp\/v2\/product\/4827\/revisions"}],"predecessor-version":[{"id":4857,"href":"https:\/\/www.tahitiplaisirs.com\/en\/wp-json\/wp\/v2\/product\/4827\/revisions\/4857"}],"wp:featuredmedia":[{"embeddable":true,"href":"https:\/\/www.tahitiplaisirs.com\/en\/wp-json\/wp\/v2\/media\/7810"}],"wp:attachment":[{"href":"https:\/\/www.tahitiplaisirs.com\/en\/wp-json\/wp\/v2\/media?parent=4827"}],"wp:term":[{"taxonomy":"product_brand","embeddable":true,"href":"https:\/\/www.tahitiplaisirs.com\/en\/wp-json\/wp\/v2\/product_brand?post=4827"},{"taxonomy":"product_cat","embeddable":true,"href":"https:\/\/www.tahitiplaisirs.com\/en\/wp-json\/wp\/v2\/product_cat?post=4827"},{"taxonomy":"product_tag","embeddable":true,"href":"https:\/\/www.tahitiplaisirs.com\/en\/wp-json\/wp\/v2\/product_tag?post=4827"}],"curies":[{"name":"wp","href":"https:\/\/api.w.org\/{rel}","templated":true}]}}