{"id":4831,"date":"2025-08-15T16:12:44","date_gmt":"2025-08-16T02:12:44","guid":{"rendered":"https:\/\/www.tahitiplaisirs.com\/?post_type=product&#038;p=4831"},"modified":"2026-04-13T16:50:03","modified_gmt":"2026-04-14T02:50:03","slug":"pompe-penis-pump-02-noir-translucide","status":"publish","type":"product","link":"https:\/\/www.tahitiplaisirs.com\/en\/product\/pompe-penis-pump-02-noir-translucide\/","title":{"rendered":"Pompe \u00ab\u00a0Penis Pump 02\u00a0\u00bb noir translucide"},"content":{"rendered":"","protected":false},"excerpt":{"rendered":"<p>D\u00e9veloppeur de p\u00e9nis \u00ab\u00a0Penis Pump 02\u00a0\u00bb de Intense<\/p>\n<p>Pompe pneumatique avec un tube noir translucide et une valve de contr\u00f4le pour soulager la pression.<\/p>\n<p>La cuve fait 19,5 cm de profondeur sur 5,3 cm de diam\u00e8tre.<\/p>\n<p>Nettoyez votre d\u00e9veloppeur avec de l&rsquo;eau ti\u00e8de et du savon, s\u00e9chez le avec un chiffon doux et propre.<\/p>\n<p>Article non toxique, ne contient pas de phtalates.<\/p>\n<p>Composition : ABS, PVC<\/p>\n<p>Conseil de votre boutique Tahiti Plaisirs :<\/p>\n<p>Une fois votre que votre p\u00e9nis est en \u00e9rection, retirez le tube puis ajoutez lui un anneau d\u2019am\u00e9lioration qui maintiendra l\u2019\u00e9rection et retardera l&rsquo;\u00e9jaculation.<\/p>\n<p>&nbsp;<\/p>","protected":false},"featured_media":9620,"template":"","meta":[],"product_brand":[102],"product_cat":[52,51],"product_tag":[],"class_list":{"0":"post-4831","1":"product","2":"type-product","3":"status-publish","4":"has-post-thumbnail","6":"product_brand-intense","7":"product_cat-developpement-du-penis","8":"product_cat-pour-lui","11":"instock","12":"taxable","13":"shipping-taxable","14":"purchasable","15":"product-type-simple","16":"product-grid-view"},"_links":{"self":[{"href":"https:\/\/www.tahitiplaisirs.com\/en\/wp-json\/wp\/v2\/product\/4831","targetHints":{"allow":["GET"]}}],"collection":[{"href":"https:\/\/www.tahitiplaisirs.com\/en\/wp-json\/wp\/v2\/product"}],"about":[{"href":"https:\/\/www.tahitiplaisirs.com\/en\/wp-json\/wp\/v2\/types\/product"}],"version-history":[{"count":2,"href":"https:\/\/www.tahitiplaisirs.com\/en\/wp-json\/wp\/v2\/product\/4831\/revisions"}],"predecessor-version":[{"id":9622,"href":"https:\/\/www.tahitiplaisirs.com\/en\/wp-json\/wp\/v2\/product\/4831\/revisions\/9622"}],"wp:featuredmedia":[{"embeddable":true,"href":"https:\/\/www.tahitiplaisirs.com\/en\/wp-json\/wp\/v2\/media\/9620"}],"wp:attachment":[{"href":"https:\/\/www.tahitiplaisirs.com\/en\/wp-json\/wp\/v2\/media?parent=4831"}],"wp:term":[{"taxonomy":"product_brand","embeddable":true,"href":"https:\/\/www.tahitiplaisirs.com\/en\/wp-json\/wp\/v2\/product_brand?post=4831"},{"taxonomy":"product_cat","embeddable":true,"href":"https:\/\/www.tahitiplaisirs.com\/en\/wp-json\/wp\/v2\/product_cat?post=4831"},{"taxonomy":"product_tag","embeddable":true,"href":"https:\/\/www.tahitiplaisirs.com\/en\/wp-json\/wp\/v2\/product_tag?post=4831"}],"curies":[{"name":"wp","href":"https:\/\/api.w.org\/{rel}","templated":true}]}}