{"id":4834,"date":"2025-08-15T16:12:44","date_gmt":"2025-08-16T02:12:44","guid":{"rendered":"https:\/\/www.tahitiplaisirs.com\/?post_type=product&#038;p=4834"},"modified":"2026-03-21T14:12:14","modified_gmt":"2026-03-22T00:12:14","slug":"big-boobie-balloons-x6","status":"publish","type":"product","link":"https:\/\/www.tahitiplaisirs.com\/en\/product\/big-boobie-balloons-x6\/","title":{"rendered":"Big Boobie Balloons x6"},"content":{"rendered":"","protected":false},"excerpt":{"rendered":"<p>Big Boobie Balloons de HottProducts<\/p>\n<p>Lot de 6 gros ballons en forme de seins couleur chair.<\/p>\n<p>Facile \u00e0 gonfler, t\u00e9tons tr\u00e8s r\u00e9alistes.<\/p>","protected":false},"featured_media":7758,"template":"","meta":[],"product_brand":[109],"product_cat":[57],"product_tag":[],"class_list":{"0":"post-4834","1":"product","2":"type-product","3":"status-publish","4":"has-post-thumbnail","6":"product_brand-hott-products","7":"product_cat-accessoires","10":"instock","11":"taxable","12":"shipping-taxable","13":"purchasable","14":"product-type-simple","15":"product-grid-view"},"_links":{"self":[{"href":"https:\/\/www.tahitiplaisirs.com\/en\/wp-json\/wp\/v2\/product\/4834","targetHints":{"allow":["GET"]}}],"collection":[{"href":"https:\/\/www.tahitiplaisirs.com\/en\/wp-json\/wp\/v2\/product"}],"about":[{"href":"https:\/\/www.tahitiplaisirs.com\/en\/wp-json\/wp\/v2\/types\/product"}],"version-history":[{"count":1,"href":"https:\/\/www.tahitiplaisirs.com\/en\/wp-json\/wp\/v2\/product\/4834\/revisions"}],"predecessor-version":[{"id":4864,"href":"https:\/\/www.tahitiplaisirs.com\/en\/wp-json\/wp\/v2\/product\/4834\/revisions\/4864"}],"wp:featuredmedia":[{"embeddable":true,"href":"https:\/\/www.tahitiplaisirs.com\/en\/wp-json\/wp\/v2\/media\/7758"}],"wp:attachment":[{"href":"https:\/\/www.tahitiplaisirs.com\/en\/wp-json\/wp\/v2\/media?parent=4834"}],"wp:term":[{"taxonomy":"product_brand","embeddable":true,"href":"https:\/\/www.tahitiplaisirs.com\/en\/wp-json\/wp\/v2\/product_brand?post=4834"},{"taxonomy":"product_cat","embeddable":true,"href":"https:\/\/www.tahitiplaisirs.com\/en\/wp-json\/wp\/v2\/product_cat?post=4834"},{"taxonomy":"product_tag","embeddable":true,"href":"https:\/\/www.tahitiplaisirs.com\/en\/wp-json\/wp\/v2\/product_tag?post=4834"}],"curies":[{"name":"wp","href":"https:\/\/api.w.org\/{rel}","templated":true}]}}