{"id":4867,"date":"2025-08-15T16:12:47","date_gmt":"2025-08-16T02:12:47","guid":{"rendered":"https:\/\/www.tahitiplaisirs.com\/?post_type=product&#038;p=4867"},"modified":"2026-03-21T14:12:10","modified_gmt":"2026-03-22T00:12:10","slug":"gode-silexd-chair-modele-1-15-38cm","status":"publish","type":"product","link":"https:\/\/www.tahitiplaisirs.com\/en\/product\/gode-silexd-chair-modele-1-15-38cm\/","title":{"rendered":"Gode chair mod\u00e8le 1 &#8211; 15\u00a0\u00bb &#8211; 38cm"},"content":{"rendered":"","protected":false},"excerpt":{"rendered":"<p>Gode r\u00e9aliste chair double densit\u00e9 mod\u00e8le 1 &#8211; 38cm de Silexd<\/p>\n<p>D\u00e9couvrez le gode r\u00e9aliste avec testicules dans une version volumineuse !<\/p>\n<p>Il est recouvert d&rsquo;une peau douce en silicone de qualit\u00e9 sup\u00e9rieure et l&rsquo;int\u00e9rieur est garni de Silexpan double densit\u00e9 avec un noyau interne dur, pour des sensations tr\u00e8s r\u00e9alistes et une exp\u00e9rience de plaisir incomparable.<\/p>\n<p>Thermo r\u00e9actif, il se ramolli au contact de la chaleur (30 secondes au micro-ondes ou 2 minutes dans de l&rsquo;eau bouillante) ou deviendra tr\u00e8s dur si vous le placez au frigidaire.<\/p>\n<p>Sa m\u00e9moire de forme permet de le plier et il reprendra sa forme.<\/p>\n<p>Sa solide ventouse permet de l&rsquo;utiliser avec un harnais ou de le ventouser sur une surface plane.<\/p>\n<p>Longueur totale : 38cm<\/p>\n<p>Longueur ins\u00e9rable : 28cm<\/p>\n<p>Diam\u00e8tre : 6,4cm<\/p>\n<p>Composition : silexpan, silicone<\/p>","protected":false},"featured_media":7780,"template":"","meta":[],"product_brand":[87],"product_cat":[53,47],"product_tag":[],"class_list":{"0":"post-4867","1":"product","2":"type-product","3":"status-publish","4":"has-post-thumbnail","6":"product_brand-silexd","7":"product_cat-godemichets","8":"product_cat-sextoys","11":"instock","12":"purchasable","13":"product-type-simple","14":"product-grid-view"},"_links":{"self":[{"href":"https:\/\/www.tahitiplaisirs.com\/en\/wp-json\/wp\/v2\/product\/4867","targetHints":{"allow":["GET"]}}],"collection":[{"href":"https:\/\/www.tahitiplaisirs.com\/en\/wp-json\/wp\/v2\/product"}],"about":[{"href":"https:\/\/www.tahitiplaisirs.com\/en\/wp-json\/wp\/v2\/types\/product"}],"version-history":[{"count":2,"href":"https:\/\/www.tahitiplaisirs.com\/en\/wp-json\/wp\/v2\/product\/4867\/revisions"}],"predecessor-version":[{"id":7798,"href":"https:\/\/www.tahitiplaisirs.com\/en\/wp-json\/wp\/v2\/product\/4867\/revisions\/7798"}],"wp:featuredmedia":[{"embeddable":true,"href":"https:\/\/www.tahitiplaisirs.com\/en\/wp-json\/wp\/v2\/media\/7780"}],"wp:attachment":[{"href":"https:\/\/www.tahitiplaisirs.com\/en\/wp-json\/wp\/v2\/media?parent=4867"}],"wp:term":[{"taxonomy":"product_brand","embeddable":true,"href":"https:\/\/www.tahitiplaisirs.com\/en\/wp-json\/wp\/v2\/product_brand?post=4867"},{"taxonomy":"product_cat","embeddable":true,"href":"https:\/\/www.tahitiplaisirs.com\/en\/wp-json\/wp\/v2\/product_cat?post=4867"},{"taxonomy":"product_tag","embeddable":true,"href":"https:\/\/www.tahitiplaisirs.com\/en\/wp-json\/wp\/v2\/product_tag?post=4867"}],"curies":[{"name":"wp","href":"https:\/\/api.w.org\/{rel}","templated":true}]}}