{"id":4870,"date":"2025-08-15T16:12:47","date_gmt":"2025-08-16T02:12:47","guid":{"rendered":"https:\/\/www.tahitiplaisirs.com\/?post_type=product&#038;p=4870"},"modified":"2026-03-21T14:12:09","modified_gmt":"2026-03-22T00:12:09","slug":"anal-massager-addicted-toys","status":"publish","type":"product","link":"https:\/\/www.tahitiplaisirs.com\/en\/product\/anal-massager-addicted-toys\/","title":{"rendered":"Masseur de prostate"},"content":{"rendered":"","protected":false},"excerpt":{"rendered":"<p>Masseur de prostate de Addicted toys<\/p>\n<p>Vibromasseur en silicone doux, souple et sans danger pour le corps.<\/p>\n<p>Addicted Toys pr\u00e9sente ce masseur de prostate, avec des vibrations qui ciblent \u00e0 la fois la prostate et le p\u00e9rin\u00e9e.<\/p>\n<p>Con\u00e7u pour un confort \u00a0total et un plaisir \u00e9pique. Il est flexible et s&rsquo;adapte \u00e0 votre corps, afin que vous puissiez trouver l&rsquo;ajustement parfait.<\/p>\n<p>Fonctionne avec une pile AAA<\/p>","protected":false},"featured_media":7801,"template":"","meta":[],"product_brand":[120],"product_cat":[62,51,47],"product_tag":[],"class_list":{"0":"post-4870","1":"product","2":"type-product","3":"status-publish","4":"has-post-thumbnail","6":"product_brand-addicted-toys","7":"product_cat-plaisir-anal","8":"product_cat-pour-lui","9":"product_cat-sextoys","12":"instock","13":"taxable","14":"shipping-taxable","15":"purchasable","16":"product-type-simple","17":"product-grid-view"},"_links":{"self":[{"href":"https:\/\/www.tahitiplaisirs.com\/en\/wp-json\/wp\/v2\/product\/4870","targetHints":{"allow":["GET"]}}],"collection":[{"href":"https:\/\/www.tahitiplaisirs.com\/en\/wp-json\/wp\/v2\/product"}],"about":[{"href":"https:\/\/www.tahitiplaisirs.com\/en\/wp-json\/wp\/v2\/types\/product"}],"version-history":[{"count":2,"href":"https:\/\/www.tahitiplaisirs.com\/en\/wp-json\/wp\/v2\/product\/4870\/revisions"}],"predecessor-version":[{"id":7803,"href":"https:\/\/www.tahitiplaisirs.com\/en\/wp-json\/wp\/v2\/product\/4870\/revisions\/7803"}],"wp:featuredmedia":[{"embeddable":true,"href":"https:\/\/www.tahitiplaisirs.com\/en\/wp-json\/wp\/v2\/media\/7801"}],"wp:attachment":[{"href":"https:\/\/www.tahitiplaisirs.com\/en\/wp-json\/wp\/v2\/media?parent=4870"}],"wp:term":[{"taxonomy":"product_brand","embeddable":true,"href":"https:\/\/www.tahitiplaisirs.com\/en\/wp-json\/wp\/v2\/product_brand?post=4870"},{"taxonomy":"product_cat","embeddable":true,"href":"https:\/\/www.tahitiplaisirs.com\/en\/wp-json\/wp\/v2\/product_cat?post=4870"},{"taxonomy":"product_tag","embeddable":true,"href":"https:\/\/www.tahitiplaisirs.com\/en\/wp-json\/wp\/v2\/product_tag?post=4870"}],"curies":[{"name":"wp","href":"https:\/\/api.w.org\/{rel}","templated":true}]}}