{"id":4873,"date":"2025-08-15T16:12:47","date_gmt":"2025-08-16T02:12:47","guid":{"rendered":"https:\/\/www.tahitiplaisirs.com\/?post_type=product&#038;p=4873"},"modified":"2026-03-21T14:12:18","modified_gmt":"2026-03-22T00:12:18","slug":"bas-rose-ref-6672-leg-avenue","status":"publish","type":"product","link":"https:\/\/www.tahitiplaisirs.com\/en\/product\/bas-rose-ref-6672-leg-avenue\/","title":{"rendered":"Bas rose r\u00e9f 6672 Leg Avenue"},"content":{"rendered":"","protected":false},"excerpt":{"rendered":"<p>Bas rose en nylon opaque taille unique de Leg Avenue<\/p>\n<p>Ces bas roses tr\u00e8s agr\u00e9ables \u00e0 porter sont parfaits pour \u00eatre combin\u00e9s avec n&rsquo;importe quelle tenue.<\/p>\n<p>Ils sont fabriqu\u00e9s dans un mat\u00e9riau tr\u00e8s doux et \u00e9lastique qui s&rsquo;adapte parfaitement \u00e0 vos jambes.<\/p>\n<p>Au sommet des bas, il y a une large bande \u00e9lastique pour un confort maximum.<\/p>","protected":false},"featured_media":9573,"template":"","meta":[],"product_brand":[99],"product_cat":[57,86,73],"product_tag":[],"class_list":{"0":"post-4873","1":"product","2":"type-product","3":"status-publish","4":"has-post-thumbnail","6":"product_brand-leg-avenue","7":"product_cat-accessoires","8":"product_cat-accessoires-sexy","9":"product_cat-lingerie-sexy","12":"instock","13":"taxable","14":"shipping-taxable","15":"purchasable","16":"product-type-simple","17":"product-grid-view"},"_links":{"self":[{"href":"https:\/\/www.tahitiplaisirs.com\/en\/wp-json\/wp\/v2\/product\/4873","targetHints":{"allow":["GET"]}}],"collection":[{"href":"https:\/\/www.tahitiplaisirs.com\/en\/wp-json\/wp\/v2\/product"}],"about":[{"href":"https:\/\/www.tahitiplaisirs.com\/en\/wp-json\/wp\/v2\/types\/product"}],"version-history":[{"count":2,"href":"https:\/\/www.tahitiplaisirs.com\/en\/wp-json\/wp\/v2\/product\/4873\/revisions"}],"predecessor-version":[{"id":9574,"href":"https:\/\/www.tahitiplaisirs.com\/en\/wp-json\/wp\/v2\/product\/4873\/revisions\/9574"}],"wp:featuredmedia":[{"embeddable":true,"href":"https:\/\/www.tahitiplaisirs.com\/en\/wp-json\/wp\/v2\/media\/9573"}],"wp:attachment":[{"href":"https:\/\/www.tahitiplaisirs.com\/en\/wp-json\/wp\/v2\/media?parent=4873"}],"wp:term":[{"taxonomy":"product_brand","embeddable":true,"href":"https:\/\/www.tahitiplaisirs.com\/en\/wp-json\/wp\/v2\/product_brand?post=4873"},{"taxonomy":"product_cat","embeddable":true,"href":"https:\/\/www.tahitiplaisirs.com\/en\/wp-json\/wp\/v2\/product_cat?post=4873"},{"taxonomy":"product_tag","embeddable":true,"href":"https:\/\/www.tahitiplaisirs.com\/en\/wp-json\/wp\/v2\/product_tag?post=4873"}],"curies":[{"name":"wp","href":"https:\/\/api.w.org\/{rel}","templated":true}]}}