{"id":4880,"date":"2025-08-15T16:12:48","date_gmt":"2025-08-16T02:12:48","guid":{"rendered":"https:\/\/www.tahitiplaisirs.com\/?post_type=product&#038;p=4880"},"modified":"2026-02-17T14:12:17","modified_gmt":"2026-02-18T00:12:17","slug":"gode-transparent-xray-18cm","status":"publish","type":"product","link":"https:\/\/www.tahitiplaisirs.com\/en\/product\/gode-transparent-xray-18cm\/","title":{"rendered":"Gode transparent XRAY 18cm"},"content":{"rendered":"","protected":false},"excerpt":{"rendered":"<p>Gode transparent XRAY de 18cm<\/p>\n<p>XRay est une v\u00e9ritable exp\u00e9rience de plaisir avec une formule sp\u00e9cialement d\u00e9velopp\u00e9e qui optimise la sensation soyeuse avec la fermet\u00e9 d&rsquo;un gode r\u00e9aliste enti\u00e8rement transparent.<\/p>\n<p>Il est fabriqu\u00e9 avec le mat\u00e9riau Jelly de derni\u00e8re qualit\u00e9, totalement inodore, doux au toucher et tr\u00e8s facile \u00e0 nettoyer.<\/p>\n<p>Il est d&rsquo;une clart\u00e9 lumineuse et sa forme est tr\u00e8s r\u00e9aliste, avec son axe flexible, ses veines sp\u00e9cifi\u00e9es et sa t\u00eate d\u00e9finie.<\/p>\n<p>Il est pourvu d&rsquo;une puissante base ventouse qui se fixe sur presque toutes les surfaces planes et rend chaque harnais compatible.<\/p>\n<p>Longueur totale 18cm et 4cm de diam\u00e8tre.<\/p>","protected":false},"featured_media":10836,"template":"","meta":[],"product_brand":[],"product_cat":[53,47],"product_tag":[],"class_list":{"0":"post-4880","1":"product","2":"type-product","3":"status-publish","4":"has-post-thumbnail","6":"product_cat-godemichets","7":"product_cat-sextoys","10":"instock","11":"taxable","12":"shipping-taxable","13":"purchasable","14":"product-type-simple","15":"product-grid-view"},"_links":{"self":[{"href":"https:\/\/www.tahitiplaisirs.com\/en\/wp-json\/wp\/v2\/product\/4880","targetHints":{"allow":["GET"]}}],"collection":[{"href":"https:\/\/www.tahitiplaisirs.com\/en\/wp-json\/wp\/v2\/product"}],"about":[{"href":"https:\/\/www.tahitiplaisirs.com\/en\/wp-json\/wp\/v2\/types\/product"}],"version-history":[{"count":3,"href":"https:\/\/www.tahitiplaisirs.com\/en\/wp-json\/wp\/v2\/product\/4880\/revisions"}],"predecessor-version":[{"id":10839,"href":"https:\/\/www.tahitiplaisirs.com\/en\/wp-json\/wp\/v2\/product\/4880\/revisions\/10839"}],"wp:featuredmedia":[{"embeddable":true,"href":"https:\/\/www.tahitiplaisirs.com\/en\/wp-json\/wp\/v2\/media\/10836"}],"wp:attachment":[{"href":"https:\/\/www.tahitiplaisirs.com\/en\/wp-json\/wp\/v2\/media?parent=4880"}],"wp:term":[{"taxonomy":"product_brand","embeddable":true,"href":"https:\/\/www.tahitiplaisirs.com\/en\/wp-json\/wp\/v2\/product_brand?post=4880"},{"taxonomy":"product_cat","embeddable":true,"href":"https:\/\/www.tahitiplaisirs.com\/en\/wp-json\/wp\/v2\/product_cat?post=4880"},{"taxonomy":"product_tag","embeddable":true,"href":"https:\/\/www.tahitiplaisirs.com\/en\/wp-json\/wp\/v2\/product_tag?post=4880"}],"curies":[{"name":"wp","href":"https:\/\/api.w.org\/{rel}","templated":true}]}}