{"id":4884,"date":"2025-08-15T16:12:48","date_gmt":"2025-08-16T02:12:48","guid":{"rendered":"https:\/\/www.tahitiplaisirs.com\/?post_type=product&#038;p=4884"},"modified":"2026-03-21T14:12:13","modified_gmt":"2026-03-22T00:12:13","slug":"gode-goliath-14-36cm","status":"publish","type":"product","link":"https:\/\/www.tahitiplaisirs.com\/en\/product\/gode-goliath-14-36cm\/","title":{"rendered":"Gode Goliath 14&Prime; &#8211; 36cm"},"content":{"rendered":"","protected":false},"excerpt":{"rendered":"<p>Gode Goliath 14&Prime; &#8211; 36cm de Hung&rsquo;r<\/p>\n<p>Le gode Goliath est un sextoy volumineux.<\/p>\n<p>Il mesure 36cm de long pour 32cm de longueur ins\u00e9rable avec une largeur de 8.5cm.<\/p>\n<p>La forme est droite avec un gland d\u00e9calott\u00e9, une surface vein\u00e9e et une ventouse amovible.<\/p>\n<p>Fabriqu\u00e9 en PVC<\/p>","protected":false},"featured_media":7752,"template":"","meta":[],"product_brand":[],"product_cat":[53,47],"product_tag":[],"class_list":{"0":"post-4884","1":"product","2":"type-product","3":"status-publish","4":"has-post-thumbnail","6":"product_cat-godemichets","7":"product_cat-sextoys","10":"instock","11":"taxable","12":"shipping-taxable","13":"purchasable","14":"product-type-simple","15":"product-grid-view"},"_links":{"self":[{"href":"https:\/\/www.tahitiplaisirs.com\/en\/wp-json\/wp\/v2\/product\/4884","targetHints":{"allow":["GET"]}}],"collection":[{"href":"https:\/\/www.tahitiplaisirs.com\/en\/wp-json\/wp\/v2\/product"}],"about":[{"href":"https:\/\/www.tahitiplaisirs.com\/en\/wp-json\/wp\/v2\/types\/product"}],"version-history":[{"count":1,"href":"https:\/\/www.tahitiplaisirs.com\/en\/wp-json\/wp\/v2\/product\/4884\/revisions"}],"predecessor-version":[{"id":4914,"href":"https:\/\/www.tahitiplaisirs.com\/en\/wp-json\/wp\/v2\/product\/4884\/revisions\/4914"}],"wp:featuredmedia":[{"embeddable":true,"href":"https:\/\/www.tahitiplaisirs.com\/en\/wp-json\/wp\/v2\/media\/7752"}],"wp:attachment":[{"href":"https:\/\/www.tahitiplaisirs.com\/en\/wp-json\/wp\/v2\/media?parent=4884"}],"wp:term":[{"taxonomy":"product_brand","embeddable":true,"href":"https:\/\/www.tahitiplaisirs.com\/en\/wp-json\/wp\/v2\/product_brand?post=4884"},{"taxonomy":"product_cat","embeddable":true,"href":"https:\/\/www.tahitiplaisirs.com\/en\/wp-json\/wp\/v2\/product_cat?post=4884"},{"taxonomy":"product_tag","embeddable":true,"href":"https:\/\/www.tahitiplaisirs.com\/en\/wp-json\/wp\/v2\/product_tag?post=4884"}],"curies":[{"name":"wp","href":"https:\/\/api.w.org\/{rel}","templated":true}]}}