{"id":4888,"date":"2025-08-15T16:12:48","date_gmt":"2025-08-16T02:12:48","guid":{"rendered":"https:\/\/www.tahitiplaisirs.com\/?post_type=product&#038;p=4888"},"modified":"2026-02-17T14:14:10","modified_gmt":"2026-02-18T00:14:10","slug":"serre-tete-penis-chair","status":"publish","type":"product","link":"https:\/\/www.tahitiplaisirs.com\/en\/product\/serre-tete-penis-chair\/","title":{"rendered":"Serre t\u00eate p\u00e9nis chair"},"content":{"rendered":"","protected":false},"excerpt":{"rendered":"<p>Serre t\u00eate p\u00e9nis chair<\/p>\n<p>Portez les plus belles antennes de la soir\u00e9e !<\/p>\n<p>Serre t\u00eate de couleur chair et antennes zizi avec ressorts.<\/p>\n<p>Parfait pour un EVJF ou une soir\u00e9e humoristique entre amis !<\/p>","protected":false},"featured_media":10832,"template":"","meta":[],"product_brand":[],"product_cat":[57],"product_tag":[],"class_list":{"0":"post-4888","1":"product","2":"type-product","3":"status-publish","4":"has-post-thumbnail","6":"product_cat-accessoires","9":"instock","10":"taxable","11":"shipping-taxable","12":"purchasable","13":"product-type-simple","14":"product-grid-view"},"_links":{"self":[{"href":"https:\/\/www.tahitiplaisirs.com\/en\/wp-json\/wp\/v2\/product\/4888","targetHints":{"allow":["GET"]}}],"collection":[{"href":"https:\/\/www.tahitiplaisirs.com\/en\/wp-json\/wp\/v2\/product"}],"about":[{"href":"https:\/\/www.tahitiplaisirs.com\/en\/wp-json\/wp\/v2\/types\/product"}],"version-history":[{"count":3,"href":"https:\/\/www.tahitiplaisirs.com\/en\/wp-json\/wp\/v2\/product\/4888\/revisions"}],"predecessor-version":[{"id":10846,"href":"https:\/\/www.tahitiplaisirs.com\/en\/wp-json\/wp\/v2\/product\/4888\/revisions\/10846"}],"wp:featuredmedia":[{"embeddable":true,"href":"https:\/\/www.tahitiplaisirs.com\/en\/wp-json\/wp\/v2\/media\/10832"}],"wp:attachment":[{"href":"https:\/\/www.tahitiplaisirs.com\/en\/wp-json\/wp\/v2\/media?parent=4888"}],"wp:term":[{"taxonomy":"product_brand","embeddable":true,"href":"https:\/\/www.tahitiplaisirs.com\/en\/wp-json\/wp\/v2\/product_brand?post=4888"},{"taxonomy":"product_cat","embeddable":true,"href":"https:\/\/www.tahitiplaisirs.com\/en\/wp-json\/wp\/v2\/product_cat?post=4888"},{"taxonomy":"product_tag","embeddable":true,"href":"https:\/\/www.tahitiplaisirs.com\/en\/wp-json\/wp\/v2\/product_tag?post=4888"}],"curies":[{"name":"wp","href":"https:\/\/api.w.org\/{rel}","templated":true}]}}