{"id":4891,"date":"2026-03-23T14:12:48","date_gmt":"2026-03-24T00:12:48","guid":{"rendered":"https:\/\/www.tahitiplaisirs.com\/?post_type=product&#038;p=4891"},"modified":"2026-04-10T12:13:08","modified_gmt":"2026-04-10T22:13:08","slug":"nuisette-fetichiste-style-12447-dg-s-l","status":"publish","type":"product","link":"https:\/\/www.tahitiplaisirs.com\/en\/product\/nuisette-fetichiste-style-12447-dg-s-l\/","title":{"rendered":"Nuisette f\u00e9tichiste style 12447 DG S-L"},"content":{"rendered":"","protected":false},"excerpt":{"rendered":"<p>Nuisette f\u00e9tichiste style 12447 de Dreamgirl<\/p>\n<p>Confectionn\u00e9e avec un m\u00e9lange de r\u00e9sille extensible et de tissu effet mouill\u00e9, cette nuisette sexy ne manquera pas de faire sensation !<\/p>\n<p>Pour un ajustement parfait de la nuisette, les deux bretelles situ\u00e9es \u00e0 l&rsquo;arri\u00e8re sont r\u00e9glables.<\/p>\n<p>De plus, elle est pourvue d&rsquo;une fermeture \u00e9clair sur le devant, des jarreti\u00e8res r\u00e9glables sont int\u00e9gr\u00e9es et le string est inclus.<\/p>\n<p>Attention, les bas sont vendus s\u00e9par\u00e9ment.<\/p>","protected":false},"featured_media":11164,"template":"","meta":[],"product_brand":[113],"product_cat":[73,74,63],"product_tag":[],"class_list":{"0":"post-4891","1":"product","2":"type-product","3":"status-publish","4":"has-post-thumbnail","6":"product_brand-dreamgirl","7":"product_cat-lingerie-sexy","8":"product_cat-nuisettes-bodys-et-set","9":"product_cat-pour-elle","12":"instock","13":"taxable","14":"shipping-taxable","15":"purchasable","16":"product-type-simple","17":"product-grid-view"},"_links":{"self":[{"href":"https:\/\/www.tahitiplaisirs.com\/en\/wp-json\/wp\/v2\/product\/4891","targetHints":{"allow":["GET"]}}],"collection":[{"href":"https:\/\/www.tahitiplaisirs.com\/en\/wp-json\/wp\/v2\/product"}],"about":[{"href":"https:\/\/www.tahitiplaisirs.com\/en\/wp-json\/wp\/v2\/types\/product"}],"version-history":[{"count":3,"href":"https:\/\/www.tahitiplaisirs.com\/en\/wp-json\/wp\/v2\/product\/4891\/revisions"}],"predecessor-version":[{"id":11166,"href":"https:\/\/www.tahitiplaisirs.com\/en\/wp-json\/wp\/v2\/product\/4891\/revisions\/11166"}],"wp:featuredmedia":[{"embeddable":true,"href":"https:\/\/www.tahitiplaisirs.com\/en\/wp-json\/wp\/v2\/media\/11164"}],"wp:attachment":[{"href":"https:\/\/www.tahitiplaisirs.com\/en\/wp-json\/wp\/v2\/media?parent=4891"}],"wp:term":[{"taxonomy":"product_brand","embeddable":true,"href":"https:\/\/www.tahitiplaisirs.com\/en\/wp-json\/wp\/v2\/product_brand?post=4891"},{"taxonomy":"product_cat","embeddable":true,"href":"https:\/\/www.tahitiplaisirs.com\/en\/wp-json\/wp\/v2\/product_cat?post=4891"},{"taxonomy":"product_tag","embeddable":true,"href":"https:\/\/www.tahitiplaisirs.com\/en\/wp-json\/wp\/v2\/product_tag?post=4891"}],"curies":[{"name":"wp","href":"https:\/\/api.w.org\/{rel}","templated":true}]}}