{"id":4892,"date":"2026-01-27T08:40:48","date_gmt":"2026-01-27T18:40:48","guid":{"rendered":"https:\/\/www.tahitiplaisirs.com\/?post_type=product&#038;p=4892"},"modified":"2026-02-06T21:39:28","modified_gmt":"2026-02-07T07:39:28","slug":"plug-open-roses-purple-rain-small","status":"publish","type":"product","link":"https:\/\/www.tahitiplaisirs.com\/en\/product\/plug-open-roses-purple-rain-small\/","title":{"rendered":"Plug Open Roses Purple Rain Small"},"content":{"rendered":"","protected":false},"excerpt":{"rendered":"<p>Plug Open Roses Small violet de Love to Love<\/p>\n<p>Open Roses est le plug id\u00e9al pour profiter du plaisir anal avec style !<\/p>\n<p>\u00c0 la fois doux, flexible et ergonomique, il offre une p\u00e9n\u00e9tration tout en douceur et des sensations intenses, tandis que sa base en forme de rose facilite l&rsquo;insertion et le retrait.<\/p>\n<p><b>Caract\u00e9ristiques :<\/b><br \/>\n&#8211; Plug anal pour hommes et femmes<br \/>\n&#8211; Doux et flexible<br \/>\n&#8211; Mati\u00e8re : 100% silicone<br \/>\n&#8211; Dimensions : Small \/ 11 x 7,5 x 3 cm<br \/>\n&#8211; Longueur ins\u00e9rable 8 cm \/ Diam\u00e8tre ins\u00e9rable 3 cm<br \/>\n&#8211; Couleur : Purple rain<br \/>\n&#8211; Ne contient pas de phtalate<\/p>","protected":false},"featured_media":10650,"template":"","meta":[],"product_brand":[147],"product_cat":[62,47],"product_tag":[],"class_list":{"0":"post-4892","1":"product","2":"type-product","3":"status-publish","4":"has-post-thumbnail","6":"product_brand-love-to-love","7":"product_cat-plaisir-anal","8":"product_cat-sextoys","11":"instock","12":"taxable","13":"shipping-taxable","14":"purchasable","15":"product-type-simple","16":"product-grid-view"},"_links":{"self":[{"href":"https:\/\/www.tahitiplaisirs.com\/en\/wp-json\/wp\/v2\/product\/4892","targetHints":{"allow":["GET"]}}],"collection":[{"href":"https:\/\/www.tahitiplaisirs.com\/en\/wp-json\/wp\/v2\/product"}],"about":[{"href":"https:\/\/www.tahitiplaisirs.com\/en\/wp-json\/wp\/v2\/types\/product"}],"version-history":[{"count":5,"href":"https:\/\/www.tahitiplaisirs.com\/en\/wp-json\/wp\/v2\/product\/4892\/revisions"}],"predecessor-version":[{"id":10663,"href":"https:\/\/www.tahitiplaisirs.com\/en\/wp-json\/wp\/v2\/product\/4892\/revisions\/10663"}],"wp:featuredmedia":[{"embeddable":true,"href":"https:\/\/www.tahitiplaisirs.com\/en\/wp-json\/wp\/v2\/media\/10650"}],"wp:attachment":[{"href":"https:\/\/www.tahitiplaisirs.com\/en\/wp-json\/wp\/v2\/media?parent=4892"}],"wp:term":[{"taxonomy":"product_brand","embeddable":true,"href":"https:\/\/www.tahitiplaisirs.com\/en\/wp-json\/wp\/v2\/product_brand?post=4892"},{"taxonomy":"product_cat","embeddable":true,"href":"https:\/\/www.tahitiplaisirs.com\/en\/wp-json\/wp\/v2\/product_cat?post=4892"},{"taxonomy":"product_tag","embeddable":true,"href":"https:\/\/www.tahitiplaisirs.com\/en\/wp-json\/wp\/v2\/product_tag?post=4892"}],"curies":[{"name":"wp","href":"https:\/\/api.w.org\/{rel}","templated":true}]}}