{"id":4928,"date":"2025-08-15T16:12:51","date_gmt":"2025-08-16T02:12:51","guid":{"rendered":"https:\/\/www.tahitiplaisirs.com\/?post_type=product&#038;p=4928"},"modified":"2026-03-21T14:11:20","modified_gmt":"2026-03-22T00:11:20","slug":"body-string-noir-dg-queen-size","status":"publish","type":"product","link":"https:\/\/www.tahitiplaisirs.com\/en\/product\/body-string-noir-dg-queen-size\/","title":{"rendered":"Body string noir DG Queen size"},"content":{"rendered":"","protected":false},"excerpt":{"rendered":"<div class=\"description___I3dgn\" aria-hidden=\"true\">\n<p>Body string noir Queen size de Dreamgirl<\/p>\n<p id=\"tw-target-text\" class=\"tw-data-text tw-text-large tw-ta\" dir=\"ltr\" tabindex=\"-1\" role=\"text\" data-placeholder=\"Traduction\" data-ved=\"2ahUKEwid5vbh2IiQAxW0h-4BHcMPOtUQ3ewLegQIChAW\" aria-label=\"Texte traduit\u00a0: Ensemble en maille extensible avec teddy \u00e9lastique et attaches pour poignets. Col licou avec fermeture auto-agrippante, d\u00e9collet\u00e9 plongeant, bretelles \u00e9lastiques en X avec anneau dor\u00e9 et clous d\u00e9coratifs.\"><span class=\"Y2IQFc\" lang=\"fr\">Body en maille extensible\u00a0 avec c<\/span><span class=\"Y2IQFc\" lang=\"fr\">ol licou et fermeture auto agrippante.<\/span><\/p>\n<p class=\"tw-data-text tw-text-large tw-ta\" dir=\"ltr\" tabindex=\"-1\" role=\"text\" data-placeholder=\"Traduction\" data-ved=\"2ahUKEwid5vbh2IiQAxW0h-4BHcMPOtUQ3ewLegQIChAW\" aria-label=\"Texte traduit\u00a0: Ensemble en maille extensible avec teddy \u00e9lastique et attaches pour poignets. Col licou avec fermeture auto-agrippante, d\u00e9collet\u00e9 plongeant, bretelles \u00e9lastiques en X avec anneau dor\u00e9 et clous d\u00e9coratifs.\"><span class=\"Y2IQFc\" lang=\"fr\">Son d\u00e9collet\u00e9 est ultra plongeant, avec ses bretelles \u00e9lastiques en X, anneau dor\u00e9 et clous d\u00e9coratifs.<\/span><\/p>\n<p class=\"tw-data-text tw-text-large tw-ta\" dir=\"ltr\" tabindex=\"-1\" role=\"text\" data-placeholder=\"Traduction\" data-ved=\"2ahUKEwid5vbh2IiQAxW0h-4BHcMPOtUQ3ewLegQIChAW\" aria-label=\"Texte traduit\u00a0: Bretelles \u00e9lastiques r\u00e9glables au dos. Coupe \u00e9chancr\u00e9e et dos nu avec string. Menottes \u00e9lastiques et anneaux inclus.\"><span class=\"Y2IQFc\" lang=\"fr\">Sa coupe est \u00e9chancr\u00e9e et son dos nu avec string ouvert.<\/span><\/p>\n<p class=\"tw-data-text tw-text-large tw-ta\" dir=\"ltr\" tabindex=\"-1\" role=\"text\" data-placeholder=\"Traduction\" data-ved=\"2ahUKEwid5vbh2IiQAxW0h-4BHcMPOtUQ3ewLegQIChAW\" aria-label=\"Texte traduit\u00a0: Bretelles \u00e9lastiques r\u00e9glables au dos. Coupe \u00e9chancr\u00e9e et dos nu avec string. Menottes \u00e9lastiques et anneaux inclus.\"><span class=\"Y2IQFc\" lang=\"fr\">Les menottes sont \u00e9lastiques.<\/span><\/p>\n<\/div>","protected":false},"featured_media":9307,"template":"","meta":[],"product_brand":[113],"product_cat":[73,63,80],"product_tag":[],"class_list":{"0":"post-4928","1":"product","2":"type-product","3":"status-publish","4":"has-post-thumbnail","6":"product_brand-dreamgirl","7":"product_cat-lingerie-sexy","8":"product_cat-pour-elle","9":"product_cat-strings-culottes-et-tangas","12":"instock","13":"taxable","14":"shipping-taxable","15":"purchasable","16":"product-type-simple","17":"product-grid-view"},"_links":{"self":[{"href":"https:\/\/www.tahitiplaisirs.com\/en\/wp-json\/wp\/v2\/product\/4928","targetHints":{"allow":["GET"]}}],"collection":[{"href":"https:\/\/www.tahitiplaisirs.com\/en\/wp-json\/wp\/v2\/product"}],"about":[{"href":"https:\/\/www.tahitiplaisirs.com\/en\/wp-json\/wp\/v2\/types\/product"}],"version-history":[{"count":3,"href":"https:\/\/www.tahitiplaisirs.com\/en\/wp-json\/wp\/v2\/product\/4928\/revisions"}],"predecessor-version":[{"id":9315,"href":"https:\/\/www.tahitiplaisirs.com\/en\/wp-json\/wp\/v2\/product\/4928\/revisions\/9315"}],"wp:featuredmedia":[{"embeddable":true,"href":"https:\/\/www.tahitiplaisirs.com\/en\/wp-json\/wp\/v2\/media\/9307"}],"wp:attachment":[{"href":"https:\/\/www.tahitiplaisirs.com\/en\/wp-json\/wp\/v2\/media?parent=4928"}],"wp:term":[{"taxonomy":"product_brand","embeddable":true,"href":"https:\/\/www.tahitiplaisirs.com\/en\/wp-json\/wp\/v2\/product_brand?post=4928"},{"taxonomy":"product_cat","embeddable":true,"href":"https:\/\/www.tahitiplaisirs.com\/en\/wp-json\/wp\/v2\/product_cat?post=4928"},{"taxonomy":"product_tag","embeddable":true,"href":"https:\/\/www.tahitiplaisirs.com\/en\/wp-json\/wp\/v2\/product_tag?post=4928"}],"curies":[{"name":"wp","href":"https:\/\/api.w.org\/{rel}","templated":true}]}}