{"id":4929,"date":"2025-08-15T16:12:51","date_gmt":"2025-08-16T02:12:51","guid":{"rendered":"https:\/\/www.tahitiplaisirs.com\/?post_type=product&#038;p=4929"},"modified":"2026-03-21T14:11:19","modified_gmt":"2026-03-22T00:11:19","slug":"kegel-fascinate-rose","status":"publish","type":"product","link":"https:\/\/www.tahitiplaisirs.com\/en\/product\/kegel-fascinate-rose\/","title":{"rendered":"Kegel Fascinate rose"},"content":{"rendered":"","protected":false},"excerpt":{"rendered":"<p>Kegel Fascinate rose de Vibe Therapy<\/p>\n<p>Le kegel Fascinate est fabriqu\u00e9 en silicone de qualit\u00e9 m\u00e9dicale et son utilisation permet de renforcer les muscles du plancher pelvien.<\/p>\n<p>Avec des exercices efficaces, la sant\u00e9 vaginale est am\u00e9lior\u00e9e, entra\u00eenant ainsi une augmentation de la libido et une satisfaction sexuelle.<\/p>\n<p>Il mesure 11 cm de longueur pour 3,6 cm de diam\u00e8tre.<\/p>","protected":false},"featured_media":7778,"template":"","meta":[],"product_brand":[],"product_cat":[75,47],"product_tag":[],"class_list":{"0":"post-4929","1":"product","2":"type-product","3":"status-publish","4":"has-post-thumbnail","6":"product_cat-oeufs-boules-de-geisha","7":"product_cat-sextoys","10":"instock","11":"taxable","12":"shipping-taxable","13":"purchasable","14":"product-type-simple","15":"product-grid-view"},"_links":{"self":[{"href":"https:\/\/www.tahitiplaisirs.com\/en\/wp-json\/wp\/v2\/product\/4929","targetHints":{"allow":["GET"]}}],"collection":[{"href":"https:\/\/www.tahitiplaisirs.com\/en\/wp-json\/wp\/v2\/product"}],"about":[{"href":"https:\/\/www.tahitiplaisirs.com\/en\/wp-json\/wp\/v2\/types\/product"}],"version-history":[{"count":1,"href":"https:\/\/www.tahitiplaisirs.com\/en\/wp-json\/wp\/v2\/product\/4929\/revisions"}],"predecessor-version":[{"id":4959,"href":"https:\/\/www.tahitiplaisirs.com\/en\/wp-json\/wp\/v2\/product\/4929\/revisions\/4959"}],"wp:featuredmedia":[{"embeddable":true,"href":"https:\/\/www.tahitiplaisirs.com\/en\/wp-json\/wp\/v2\/media\/7778"}],"wp:attachment":[{"href":"https:\/\/www.tahitiplaisirs.com\/en\/wp-json\/wp\/v2\/media?parent=4929"}],"wp:term":[{"taxonomy":"product_brand","embeddable":true,"href":"https:\/\/www.tahitiplaisirs.com\/en\/wp-json\/wp\/v2\/product_brand?post=4929"},{"taxonomy":"product_cat","embeddable":true,"href":"https:\/\/www.tahitiplaisirs.com\/en\/wp-json\/wp\/v2\/product_cat?post=4929"},{"taxonomy":"product_tag","embeddable":true,"href":"https:\/\/www.tahitiplaisirs.com\/en\/wp-json\/wp\/v2\/product_tag?post=4929"}],"curies":[{"name":"wp","href":"https:\/\/api.w.org\/{rel}","templated":true}]}}