{"id":4930,"date":"2025-08-15T16:12:52","date_gmt":"2025-08-16T02:12:52","guid":{"rendered":"https:\/\/www.tahitiplaisirs.com\/?post_type=product&#038;p=4930"},"modified":"2026-03-21T14:11:17","modified_gmt":"2026-03-22T00:11:17","slug":"gode-azazel-7-18cm","status":"publish","type":"product","link":"https:\/\/www.tahitiplaisirs.com\/en\/product\/gode-azazel-7-18cm\/","title":{"rendered":"Gode Azazel 7&Prime; &#8211; 18cm"},"content":{"rendered":"","protected":false},"excerpt":{"rendered":"<p>Godemichet Azazel 7&Prime; &#8211; 15cm chair<\/p>\n<p>Ce gode avec pr\u00e9puce offre une exp\u00e9rience tr\u00e8s r\u00e9aliste avec sa t\u00eate phallique, sa tige vein\u00e9e et son corps flexible \u00e0 double densit\u00e9.<\/p>\n<p>Sa construction en silicone double couche offre un ext\u00e9rieur doux et charnu et un noyau d&rsquo;une fermet\u00e9 satisfaisante.<\/p>\n<p>Il est dot\u00e9 d&rsquo;une base \u00e0 ventouse solide qui se monte sur n&rsquo;importe quelle surface plane et solide.<\/p>\n<p>La ventouse est \u00e9galement compatible avec la plus part des harnais.<\/p>","protected":false},"featured_media":7776,"template":"","meta":[],"product_brand":[],"product_cat":[53,47],"product_tag":[],"class_list":{"0":"post-4930","1":"product","2":"type-product","3":"status-publish","4":"has-post-thumbnail","6":"product_cat-godemichets","7":"product_cat-sextoys","10":"instock","11":"taxable","12":"shipping-taxable","13":"purchasable","14":"product-type-simple","15":"product-grid-view"},"_links":{"self":[{"href":"https:\/\/www.tahitiplaisirs.com\/en\/wp-json\/wp\/v2\/product\/4930","targetHints":{"allow":["GET"]}}],"collection":[{"href":"https:\/\/www.tahitiplaisirs.com\/en\/wp-json\/wp\/v2\/product"}],"about":[{"href":"https:\/\/www.tahitiplaisirs.com\/en\/wp-json\/wp\/v2\/types\/product"}],"version-history":[{"count":1,"href":"https:\/\/www.tahitiplaisirs.com\/en\/wp-json\/wp\/v2\/product\/4930\/revisions"}],"predecessor-version":[{"id":4960,"href":"https:\/\/www.tahitiplaisirs.com\/en\/wp-json\/wp\/v2\/product\/4930\/revisions\/4960"}],"wp:featuredmedia":[{"embeddable":true,"href":"https:\/\/www.tahitiplaisirs.com\/en\/wp-json\/wp\/v2\/media\/7776"}],"wp:attachment":[{"href":"https:\/\/www.tahitiplaisirs.com\/en\/wp-json\/wp\/v2\/media?parent=4930"}],"wp:term":[{"taxonomy":"product_brand","embeddable":true,"href":"https:\/\/www.tahitiplaisirs.com\/en\/wp-json\/wp\/v2\/product_brand?post=4930"},{"taxonomy":"product_cat","embeddable":true,"href":"https:\/\/www.tahitiplaisirs.com\/en\/wp-json\/wp\/v2\/product_cat?post=4930"},{"taxonomy":"product_tag","embeddable":true,"href":"https:\/\/www.tahitiplaisirs.com\/en\/wp-json\/wp\/v2\/product_tag?post=4930"}],"curies":[{"name":"wp","href":"https:\/\/api.w.org\/{rel}","templated":true}]}}